{"id":971,"date":"2020-08-27T05:03:49","date_gmt":"2020-08-27T05:03:49","guid":{"rendered":"https:\/\/smartdata.tonytemplates.com\/car-repair-service-v4-services\/?page_id=971"},"modified":"2022-09-30T20:44:31","modified_gmt":"2022-09-30T20:44:31","slug":"coupons-promotions","status":"publish","type":"page","link":"https:\/\/www.masterautorepair.net\/es\/coupons-promotions\/","title":{"rendered":"Promociones y Precios"},"content":{"rendered":"<div data-elementor-type=\"wp-page\" data-elementor-id=\"971\" class=\"elementor elementor-971\" data-elementor-settings=\"[]\">\n\t\t\t\t\t\t<div class=\"elementor-inner\">\n\t\t\t\t\t\t\t<div class=\"elementor-section-wrap\">\n\t\t\t\t\t\t\t<section class=\"elementor-section elementor-top-section elementor-element elementor-element-ec4ad31 elementor-section-full_width elementor-section-stretched elementor-section-height-default elementor-section-height-default\" data-id=\"ec4ad31\" data-element_type=\"section\" data-settings=\"{&quot;stretch_section&quot;:&quot;section-stretched&quot;}\">\n\t\t\t\t\t\t<div class=\"elementor-container elementor-column-gap-no\">\n\t\t\t\t\t\t\t<div class=\"elementor-row\">\n\t\t\t\t\t<div class=\"elementor-column elementor-col-100 elementor-top-column elementor-element elementor-element-24cb366\" data-id=\"24cb366\" data-element_type=\"column\">\n\t\t\t<div class=\"elementor-column-wrap elementor-element-populated\">\n\t\t\t\t\t\t\t<div class=\"elementor-widget-wrap\">\n\t\t\t\t\t\t<div class=\"elementor-element elementor-element-cb43648 elementor-widget elementor-widget-image\" data-id=\"cb43648\" data-element_type=\"widget\" data-widget_type=\"image.default\">\n\t\t\t\t<div class=\"elementor-widget-container\">\n\t\t\t\t\t<div class=\"elementor-image\">\n\t\t\t\t\t\t\t\t\t\t\t<a href=\"https:\/\/www.masterautorepair.net\/es\/\">\n\t\t\t\t\t\t\t<img width=\"384\" height=\"384\" src=\"https:\/\/www.masterautorepair.net\/wp-content\/uploads\/2020\/04\/popup-img05.jpg\" class=\"attachment-large size-large\" alt=\"\" loading=\"lazy\" srcset=\"https:\/\/www.masterautorepair.net\/wp-content\/uploads\/2020\/04\/popup-img05.jpg 384w, https:\/\/www.masterautorepair.net\/wp-content\/uploads\/2020\/04\/popup-img05-300x300.jpg 300w, https:\/\/www.masterautorepair.net\/wp-content\/uploads\/2020\/04\/popup-img05-100x100.jpg 100w, https:\/\/www.masterautorepair.net\/wp-content\/uploads\/2020\/04\/popup-img05-150x150.jpg 150w, https:\/\/www.masterautorepair.net\/wp-content\/uploads\/2020\/04\/popup-img05-370x370.jpg 370w, https:\/\/www.masterautorepair.net\/wp-content\/uploads\/2020\/04\/popup-img05-178x179.jpg 178w\" sizes=\"(max-width: 384px) 100vw, 384px\" \/>\t\t\t\t\t\t\t\t<\/a>\n\t\t\t\t\t\t\t\t\t\t\t<\/div>\n\t\t\t\t<\/div>\n\t\t\t\t<\/div>\n\t\t\t\t<div class=\"elementor-element elementor-element-0f2ac02 elementor-widget elementor-widget-divider\" data-id=\"0f2ac02\" data-element_type=\"widget\" data-widget_type=\"divider.default\">\n\t\t\t\t<div class=\"elementor-widget-container\">\n\t\t\t\t\t<div class=\"elementor-divider\">\n\t\t\t<span class=\"elementor-divider-separator\">\n\t\t\t\t\t\t<\/span>\n\t\t<\/div>\n\t\t\t\t<\/div>\n\t\t\t\t<\/div>\n\t\t\t\t<div class=\"elementor-element elementor-element-7b691fc elementor-widget elementor-widget-heading\" data-id=\"7b691fc\" data-element_type=\"widget\" data-widget_type=\"heading.default\">\n\t\t\t\t<div class=\"elementor-widget-container\">\n\t\t\t<h4 class=\"elementor-heading-title elementor-size-default\">Cupones y Promociones\n Responsabilidad<\/h4>\t\t<\/div>\n\t\t\t\t<\/div>\n\t\t\t\t<div class=\"elementor-element elementor-element-9cec3e6 elementor-widget elementor-widget-heading\" data-id=\"9cec3e6\" data-element_type=\"widget\" data-widget_type=\"heading.default\">\n\t\t\t\t<div class=\"elementor-widget-container\">\n\t\t\t<h5 class=\"elementor-heading-title elementor-size-small\">Un cup\u00f3n de descuento por cliente. Los cupones no se pueden usar con ning\u00fan otro descuento, cup\u00f3n, oferta, compra previa, cambio o reembolso. <br>Masters Auto Repair se reserva el derecho de modificar o descontinuar estas ofertas en cualquier momento.<\/h5>\t\t<\/div>\n\t\t\t\t<\/div>\n\t\t\t\t<div class=\"elementor-element elementor-element-e088bc7 elementor-widget elementor-widget-coupons_carousel\" data-id=\"e088bc7\" data-element_type=\"widget\" data-widget_type=\"coupons_carousel.default\">\n\t\t\t\t<div class=\"elementor-widget-container\">\n\t\t\t\t\t<div class=\"block\">\n\t\t\t<div class=\"container\">\n\t\t\t\t<div class=\"wrapper-extra-01\">\n\t\t\t\t\t<div class=\"js-slick-init slick-style01\" data-slick='{\"slidesToShow\": 3, \"slidesToScroll\": 1, \"responsive\":[{\"breakpoint\": 992,\"settings\":{\"slidesToShow\": 2}}, {\"breakpoint\": 576,\"settings\":{\"slidesToShow\": 1}}]}'>\n\t\t\t\t<div class=\"item\">\n\t\t\t<div class=\"promo01 colors-cheme-02\">\n\t\t\t\t<div class=\"promo01-header\">\n\t\t\t\t\t<div class=\"text-01\">Limited time<\/div>\n\t\t\t\t\t<div class=\"text-02\"><span><\/span> 5% off<\/div>\n\t\t\t\t\t<div class=\"text-03\">Siguenos en Facebook<\/div>\n\t\t\t\t<\/div>\n\t\t\t\t<div class=\"promo01-content\">\n\t\t\t\t\t<div class=\"icon-separator\">\n\t\t\t\t\t\t<i class=\"icon icon-1\"><\/i>\n\t\t\t\t\t<\/div>\n\t\t\t\t\t<div class=\"text-01\">Nuestros <br> Promociones Recientes<\/div>\n\t\t\t\t\t<div class=\"text-02\">Cualquier Servicio <br> de $250.00 o mas.<\/div>\n\t\t\t\t\t<a href=\"javascript:void(0)\"  id=\"coupon_id\" class=\"btn btn-border print-promo btn-invert print-ele-link\"><span>Print Coupon<\/span><\/a>\n\t\t\t\t<\/div>\n\t\t\t<\/div>\n\t\t<\/div>\n\t\t\t\t\t\t\t<\/div>\n\t\t\t\t<\/div>\n\t\t\t<\/div>\n\t\t<\/div>\n\t\t\t\t<\/div>\n\t\t\t\t<\/div>\n\t\t\t\t<div class=\"elementor-element elementor-element-294eb33 elementor-widget elementor-widget-heading\" data-id=\"294eb33\" data-element_type=\"widget\" data-widget_type=\"heading.default\">\n\t\t\t\t<div class=\"elementor-widget-container\">\n\t\t\t<h2 class=\"elementor-heading-title elementor-size-default\">Gastos bajos significa ahorros para usted<\/h2>\t\t<\/div>\n\t\t\t\t<\/div>\n\t\t\t\t\t\t<\/div>\n\t\t\t\t\t<\/div>\n\t\t<\/div>\n\t\t\t\t\t\t\t\t<\/div>\n\t\t\t\t\t<\/div>\n\t\t<\/section>\n\t\t\t\t<section class=\"elementor-section elementor-top-section elementor-element elementor-element-9a1465b elementor-section-stretched elementor-section-full_width elementor-section-height-default elementor-section-height-default\" data-id=\"9a1465b\" data-element_type=\"section\" data-settings=\"{&quot;stretch_section&quot;:&quot;section-stretched&quot;}\">\n\t\t\t\t\t\t<div class=\"elementor-container elementor-column-gap-no\">\n\t\t\t\t\t\t\t<div class=\"elementor-row\">\n\t\t\t\t\t<div class=\"elementor-column elementor-col-100 elementor-top-column elementor-element elementor-element-7f86804\" data-id=\"7f86804\" data-element_type=\"column\">\n\t\t\t<div class=\"elementor-column-wrap elementor-element-populated\">\n\t\t\t\t\t\t\t<div class=\"elementor-widget-wrap\">\n\t\t\t\t\t\t<div class=\"elementor-element elementor-element-4997db8 elementor-widget elementor-widget-heading\" data-id=\"4997db8\" data-element_type=\"widget\" data-widget_type=\"heading.default\">\n\t\t\t\t<div class=\"elementor-widget-container\">\n\t\t\t<h6 class=\"elementor-heading-title elementor-size-default\">Somos capaces de negociar mejores precios de los proveedores de autopartes que transfieren los ahorros a usted.<\/h6>\t\t<\/div>\n\t\t\t\t<\/div>\n\t\t\t\t<div class=\"elementor-element elementor-element-cca2b46 elementor-widget elementor-widget-spacer\" data-id=\"cca2b46\" data-element_type=\"widget\" data-widget_type=\"spacer.default\">\n\t\t\t\t<div class=\"elementor-widget-container\">\n\t\t\t\t\t<div class=\"elementor-spacer\">\n\t\t\t<div class=\"elementor-spacer-inner\"><\/div>\n\t\t<\/div>\n\t\t\t\t<\/div>\n\t\t\t\t<\/div>\n\t\t\t\t<div class=\"elementor-element elementor-element-13dc0c0 elementor-align-left elementor-widget__width-initial elementor-icon-list--layout-traditional elementor-list-item-link-full_width elementor-widget elementor-widget-icon-list\" data-id=\"13dc0c0\" data-element_type=\"widget\" data-widget_type=\"icon-list.default\">\n\t\t\t\t<div class=\"elementor-widget-container\">\n\t\t\t\t\t<ul class=\"elementor-icon-list-items\">\n\t\t\t\t\t\t\t<li class=\"elementor-icon-list-item\">\n\t\t\t\t\t\t\t\t\t\t\t<span class=\"elementor-icon-list-icon\">\n\t\t\t\t\t\t\t<i aria-hidden=\"true\" class=\"fas fa-tools\"><\/i>\t\t\t\t\t\t<\/span>\n\t\t\t\t\t\t\t\t\t\t<span class=\"elementor-icon-list-text\">           &nbsp&nbsp <b>Servicio de Aire Acondicionado <\/b><br>Desde $92.00<\/span>\n\t\t\t\t\t\t\t\t\t<\/li>\n\t\t\t\t\t\t\t\t<li class=\"elementor-icon-list-item\">\n\t\t\t\t\t\t\t\t\t\t\t<span class=\"elementor-icon-list-icon\">\n\t\t\t\t\t\t\t<i aria-hidden=\"true\" class=\"icon-disc-brake\"><\/i>\t\t\t\t\t\t<\/span>\n\t\t\t\t\t\t\t\t\t\t<span class=\"elementor-icon-list-text\">&nbsp&nbsp&nbsp&nbsp&nbsp&nbsp<b>Frenos<\/b><br>Desde  $ 235.00<br>(Incluye Balatas y Discos)<\/span>\n\t\t\t\t\t\t\t\t\t<\/li>\n\t\t\t\t\t\t<\/ul>\n\t\t\t\t<\/div>\n\t\t\t\t<\/div>\n\t\t\t\t<div class=\"elementor-element elementor-element-cff60b9 elementor-list-item-link-inline elementor-align-left elementor-widget__width-initial elementor-icon-list--layout-traditional elementor-widget elementor-widget-icon-list\" data-id=\"cff60b9\" data-element_type=\"widget\" data-widget_type=\"icon-list.default\">\n\t\t\t\t<div class=\"elementor-widget-container\">\n\t\t\t\t\t<ul class=\"elementor-icon-list-items\">\n\t\t\t\t\t\t\t<li class=\"elementor-icon-list-item\">\n\t\t\t\t\t\t\t\t\t\t\t<span class=\"elementor-icon-list-icon\">\n\t\t\t\t\t\t\t<i aria-hidden=\"true\" class=\"icon-balance\"><\/i>\t\t\t\t\t\t<\/span>\n\t\t\t\t\t\t\t\t\t\t<span class=\"elementor-icon-list-text\">&nbsp&nbsp&nbsp&nbsp<b>Diagnostico de Suspensi\u00f3n<\/b><br>Desde $20.00<\/span>\n\t\t\t\t\t\t\t\t\t<\/li>\n\t\t\t\t\t\t\t\t<li class=\"elementor-icon-list-item\">\n\t\t\t\t\t\t\t\t\t\t\t<span class=\"elementor-icon-list-icon\">\n\t\t\t\t\t\t\t<i aria-hidden=\"true\" class=\"icon-oil\"><\/i>\t\t\t\t\t\t<\/span>\n\t\t\t\t\t\t\t\t\t\t<span class=\"elementor-icon-list-text\"><b>Cambio de Aceite<\/b><br>Desde $45.00<br>Synt. $55.00<br>(Incluye Aceite Y Filtro)<\/span>\n\t\t\t\t\t\t\t\t\t<\/li>\n\t\t\t\t\t\t<\/ul>\n\t\t\t\t<\/div>\n\t\t\t\t<\/div>\n\t\t\t\t<div class=\"elementor-element elementor-element-6bd0ff4 elementor-list-item-link-inline elementor-align-left elementor-widget__width-initial elementor-icon-list--layout-traditional elementor-widget elementor-widget-icon-list\" data-id=\"6bd0ff4\" data-element_type=\"widget\" data-widget_type=\"icon-list.default\">\n\t\t\t\t<div class=\"elementor-widget-container\">\n\t\t\t\t\t<ul class=\"elementor-icon-list-items\">\n\t\t\t\t\t\t\t<li class=\"elementor-icon-list-item\">\n\t\t\t\t\t\t\t\t\t\t\t<span class=\"elementor-icon-list-icon\">\n\t\t\t\t\t\t\t<i aria-hidden=\"true\" class=\"icon-car-wheel\"><\/i>\t\t\t\t\t\t<\/span>\n\t\t\t\t\t\t\t\t\t\t<span class=\"elementor-icon-list-text\">&nbsp&nbsp&nbsp&nbsp<b>Alineaci\u00f3n <\/b><br>Desde $100.00<br>(Rotacion de Llantas Gratis)<\/span>\n\t\t\t\t\t\t\t\t\t<\/li>\n\t\t\t\t\t\t\t\t<li class=\"elementor-icon-list-item\">\n\t\t\t\t\t\t\t\t\t\t\t<span class=\"elementor-icon-list-icon\">\n\t\t\t\t\t\t\t<i aria-hidden=\"true\" class=\"icon-exhaust-pipe\"><\/i>\t\t\t\t\t\t<\/span>\n\t\t\t\t\t\t\t\t\t\t<span class=\"elementor-icon-list-text\"><b>Sistema de Escape<\/b><br>Desde $45.00<br>Diagnostico de Escape Gratis<\/span>\n\t\t\t\t\t\t\t\t\t<\/li>\n\t\t\t\t\t\t<\/ul>\n\t\t\t\t<\/div>\n\t\t\t\t<\/div>\n\t\t\t\t<div class=\"elementor-element elementor-element-1e59438 elementor-widget elementor-widget-spacer\" data-id=\"1e59438\" data-element_type=\"widget\" data-widget_type=\"spacer.default\">\n\t\t\t\t<div class=\"elementor-widget-container\">\n\t\t\t\t\t<div class=\"elementor-spacer\">\n\t\t\t<div class=\"elementor-spacer-inner\"><\/div>\n\t\t<\/div>\n\t\t\t\t<\/div>\n\t\t\t\t<\/div>\n\t\t\t\t<div class=\"elementor-element elementor-element-9e3eb8f elementor-widget elementor-widget-appointment_schedule\" data-id=\"9e3eb8f\" data-element_type=\"widget\" data-widget_type=\"appointment_schedule.default\">\n\t\t\t\t<div class=\"elementor-widget-container\">\n\t\t\t\t\t\t<div class=\"block position-relative overflow-hidden\">\n  <div class=\"section__text-background text-color02 text-center text-background__center\">\n\t\t\tCall Us Today<\/div>\n  <div class=\"text-center\">\n\t<h2 class=\"h-lg\">Give Us a <span class=\"color\">Call<\/span> Today<\/h2>\n\t<p class=\"info\">Your automotive repair &amp; maintenance service specialist.<\/p>\n\t<h2 class=\"h-phone\">773-565-4881<\/h2>\n\t<div class=\"btn-inline\">\n\t\t\t\t  <a class=\"btn btn-border btn-invert btn-wide\"\n\t\thref=\"https:\/\/www.masterautorepair.net\/es\/contactus\/\"><span>Contactenos!<\/span><\/a>\n\t  \t<\/div>\n  <\/div>\n<\/div>\n\n\t\t\t\t\t<\/div>\n\t\t\t\t<\/div>\n\t\t\t\t\t\t<\/div>\n\t\t\t\t\t<\/div>\n\t\t<\/div>\n\t\t\t\t\t\t\t\t<\/div>\n\t\t\t\t\t<\/div>\n\t\t<\/section>\n\t\t\t\t\t\t<\/div>\n\t\t\t\t\t\t<\/div>\n\t\t\t\t\t<\/div>","protected":false},"excerpt":{"rendered":"<p>Coupons &#038; Promotions Disclaimer One discount coupon per customer. Coupons may not be used with any other discount, coupon, offer, prior purchase, exchange, or refund. Masters Auto Repair reserves the right to modify or discontinue these offers at any time. Limited time 5% off Like Us on Facebook! Our Latest Specials Any Service of $250 [&hellip;]<\/p>","protected":false},"author":1,"featured_media":0,"parent":0,"menu_order":0,"comment_status":"closed","ping_status":"closed","template":"","meta":{"_coblocks_attr":"","_coblocks_dimensions":"","_coblocks_responsive_height":"","_coblocks_accordion_ie_support":""},"yoast_head":"<!-- This site is optimized with the Yoast SEO plugin v14.9 - https:\/\/yoast.com\/wordpress\/plugins\/seo\/ -->\n<title>Promotions &amp; Pricing &raquo; Masters Auto Repair<\/title>\n<meta name=\"robots\" content=\"index, follow, max-snippet:-1, max-image-preview:large, max-video-preview:-1\" \/>\n<link rel=\"canonical\" href=\"https:\/\/www.masterautorepair.net\/es\/coupons-promotions\/\" \/>\n<meta property=\"og:locale\" content=\"es_MX\" \/>\n<meta property=\"og:type\" content=\"article\" \/>\n<meta property=\"og:title\" content=\"Promotions &amp; Pricing &raquo; Masters Auto Repair\" \/>\n<meta property=\"og:description\" content=\"Coupons &#038; Promotions Disclaimer One discount coupon per customer. Coupons may not be used with any other discount, coupon, offer, prior purchase, exchange, or refund. Masters Auto Repair reserves the right to modify or discontinue these offers at any time. Limited time 5% off Like Us on Facebook! Our Latest Specials Any Service of $250 [&hellip;]\" \/>\n<meta property=\"og:url\" content=\"https:\/\/www.masterautorepair.net\/es\/coupons-promotions\/\" \/>\n<meta property=\"og:site_name\" content=\"Masters Auto Repair\" \/>\n<meta property=\"article:publisher\" content=\"https:\/\/www.facebook.com\/mastersautorepair\/\" \/>\n<meta property=\"article:modified_time\" content=\"2022-09-30T20:44:31+00:00\" \/>\n<meta property=\"og:image\" content=\"https:\/\/www.masterautorepair.net\/wp-content\/uploads\/2020\/04\/popup-img05.jpg\" \/>\n<meta name=\"twitter:card\" content=\"summary_large_image\" \/>\n<script type=\"application\/ld+json\" class=\"yoast-schema-graph\">{\"@context\":\"https:\/\/schema.org\",\"@graph\":[{\"@type\":\"Organization\",\"@id\":\"https:\/\/www.masterautorepair.net\/es\/#organization\",\"name\":\"Master's Auto Repair\",\"url\":\"https:\/\/www.masterautorepair.net\/es\/\",\"sameAs\":[\"https:\/\/www.facebook.com\/mastersautorepair\/\"],\"logo\":{\"@type\":\"ImageObject\",\"@id\":\"https:\/\/www.masterautorepair.net\/es\/#logo\",\"inLanguage\":\"es-MX\",\"url\":\"https:\/\/www.masterautorepair.net\/wp-content\/uploads\/2020\/08\/Masters-Auto-Repair-Logo.png\",\"width\":1728,\"height\":1020,\"caption\":\"Master's Auto Repair\"},\"image\":{\"@id\":\"https:\/\/www.masterautorepair.net\/es\/#logo\"}},{\"@type\":\"WebSite\",\"@id\":\"https:\/\/www.masterautorepair.net\/es\/#website\",\"url\":\"https:\/\/www.masterautorepair.net\/es\/\",\"name\":\"Masters Auto Repair\",\"description\":\"Full satisfaction in affordable prices\",\"publisher\":{\"@id\":\"https:\/\/www.masterautorepair.net\/es\/#organization\"},\"potentialAction\":[{\"@type\":\"SearchAction\",\"target\":\"https:\/\/www.masterautorepair.net\/es\/?s={search_term_string}\",\"query-input\":\"required name=search_term_string\"}],\"inLanguage\":\"es-MX\"},{\"@type\":\"ImageObject\",\"@id\":\"https:\/\/www.masterautorepair.net\/coupons-promotions\/#primaryimage\",\"inLanguage\":\"es-MX\",\"url\":\"https:\/\/www.masterautorepair.net\/wp-content\/uploads\/2020\/04\/popup-img05.jpg\",\"width\":384,\"height\":384},{\"@type\":\"WebPage\",\"@id\":\"https:\/\/www.masterautorepair.net\/coupons-promotions\/#webpage\",\"url\":\"https:\/\/www.masterautorepair.net\/coupons-promotions\/\",\"name\":\"Promotions & Pricing &raquo; Masters Auto Repair\",\"isPartOf\":{\"@id\":\"https:\/\/www.masterautorepair.net\/es\/#website\"},\"primaryImageOfPage\":{\"@id\":\"https:\/\/www.masterautorepair.net\/coupons-promotions\/#primaryimage\"},\"datePublished\":\"2020-08-27T05:03:49+00:00\",\"dateModified\":\"2022-09-30T20:44:31+00:00\",\"inLanguage\":\"es-MX\",\"potentialAction\":[{\"@type\":\"ReadAction\",\"target\":[\"https:\/\/www.masterautorepair.net\/coupons-promotions\/\"]}]}]}<\/script>\n<!-- \/ Yoast SEO plugin. -->","_links":{"self":[{"href":"https:\/\/www.masterautorepair.net\/es\/wp-json\/wp\/v2\/pages\/971"}],"collection":[{"href":"https:\/\/www.masterautorepair.net\/es\/wp-json\/wp\/v2\/pages"}],"about":[{"href":"https:\/\/www.masterautorepair.net\/es\/wp-json\/wp\/v2\/types\/page"}],"author":[{"embeddable":true,"href":"https:\/\/www.masterautorepair.net\/es\/wp-json\/wp\/v2\/users\/1"}],"replies":[{"embeddable":true,"href":"https:\/\/www.masterautorepair.net\/es\/wp-json\/wp\/v2\/comments?post=971"}],"version-history":[{"count":92,"href":"https:\/\/www.masterautorepair.net\/es\/wp-json\/wp\/v2\/pages\/971\/revisions"}],"predecessor-version":[{"id":3104,"href":"https:\/\/www.masterautorepair.net\/es\/wp-json\/wp\/v2\/pages\/971\/revisions\/3104"}],"wp:attachment":[{"href":"https:\/\/www.masterautorepair.net\/es\/wp-json\/wp\/v2\/media?parent=971"}],"curies":[{"name":"wp","href":"https:\/\/api.w.org\/{rel}","templated":true}]}}