{"id":3019,"date":"2022-01-17T18:58:46","date_gmt":"2022-01-17T18:58:46","guid":{"rendered":"https:\/\/www.masterautorepair.net\/?page_id=3019"},"modified":"2022-01-19T17:45:15","modified_gmt":"2022-01-19T17:45:15","slug":"financing","status":"publish","type":"page","link":"https:\/\/www.masterautorepair.net\/es\/financing\/","title":{"rendered":"FINANCIAMIENTO"},"content":{"rendered":"<div data-elementor-type=\"wp-page\" data-elementor-id=\"3019\" class=\"elementor elementor-3019\" data-elementor-settings=\"[]\">\n\t\t\t\t\t\t<div class=\"elementor-inner\">\n\t\t\t\t\t\t\t<div class=\"elementor-section-wrap\">\n\t\t\t\t\t\t\t<section class=\"elementor-section elementor-top-section elementor-element elementor-element-73ec4b8 elementor-section-boxed elementor-section-height-default elementor-section-height-default\" data-id=\"73ec4b8\" data-element_type=\"section\">\n\t\t\t\t\t\t<div class=\"elementor-container elementor-column-gap-default\">\n\t\t\t\t\t\t\t<div class=\"elementor-row\">\n\t\t\t\t\t<div class=\"elementor-column elementor-col-100 elementor-top-column elementor-element elementor-element-f75d5fb\" data-id=\"f75d5fb\" data-element_type=\"column\">\n\t\t\t<div class=\"elementor-column-wrap elementor-element-populated\">\n\t\t\t\t\t\t\t<div class=\"elementor-widget-wrap\">\n\t\t\t\t\t\t<div class=\"elementor-element elementor-element-e307456 elementor-widget elementor-widget-heading\" data-id=\"e307456\" data-element_type=\"widget\" data-widget_type=\"heading.default\">\n\t\t\t\t<div class=\"elementor-widget-container\">\n\t\t\t<h2 class=\"elementor-heading-title elementor-size-default\"><b>Financiamiento Especial Disponible<\/b><\/h2>\t\t<\/div>\n\t\t\t\t<\/div>\n\t\t\t\t<div class=\"elementor-element elementor-element-645769c elementor-widget elementor-widget-text-editor\" data-id=\"645769c\" data-element_type=\"widget\" data-widget_type=\"text-editor.default\">\n\t\t\t\t<div class=\"elementor-widget-container\">\n\t\t\t\t\t<div class=\"elementor-text-editor elementor-clearfix\"><p>Entendemos que las reparaciones y el mantenimiento de autom\u00f3viles pueden ser costosos. Para esas reparaciones inesperadas, Masters Auto Repair se asoci\u00f3 con dos compa\u00f1\u00edas financieras l\u00edderes: EasyPay y Koalafi, las cuales ofrecen soluciones innovadoras para brindarle la ayuda que necesita, cuando m\u00e1s la necesita.<br \/>Hagamos que su autom\u00f3vil, camioneta o SUV vuelva a la carretera<span style=\"color: var( --e-global-color-text ); font-family: var( --e-global-typography-text-font-family ); font-weight: var( --e-global-typography-text-font-weight );\">\u00a0<\/span><\/p><p style=\"text-align: center;\"><b>Aplique en l\u00ednea o complete una solicitud en nuestro taller.<\/b><\/p><p>\u00a0<\/p><\/div>\n\t\t\t\t<\/div>\n\t\t\t\t<\/div>\n\t\t\t\t\t\t<\/div>\n\t\t\t\t\t<\/div>\n\t\t<\/div>\n\t\t\t\t\t\t\t\t<\/div>\n\t\t\t\t\t<\/div>\n\t\t<\/section>\n\t\t\t\t<section class=\"elementor-section elementor-top-section elementor-element elementor-element-57fbb2f elementor-section-boxed elementor-section-height-default elementor-section-height-default\" data-id=\"57fbb2f\" data-element_type=\"section\">\n\t\t\t\t\t\t<div class=\"elementor-container elementor-column-gap-default\">\n\t\t\t\t\t\t\t<div class=\"elementor-row\">\n\t\t\t\t\t<div class=\"elementor-column elementor-col-100 elementor-top-column elementor-element elementor-element-70a838d\" data-id=\"70a838d\" data-element_type=\"column\">\n\t\t\t<div class=\"elementor-column-wrap elementor-element-populated\">\n\t\t\t\t\t\t\t<div class=\"elementor-widget-wrap\">\n\t\t\t\t\t\t<section class=\"elementor-section elementor-inner-section elementor-element elementor-element-eb6a479 elementor-section-boxed elementor-section-height-default elementor-section-height-default\" data-id=\"eb6a479\" data-element_type=\"section\">\n\t\t\t\t\t\t<div class=\"elementor-container elementor-column-gap-default\">\n\t\t\t\t\t\t\t<div class=\"elementor-row\">\n\t\t\t\t\t<div class=\"elementor-column elementor-col-50 elementor-inner-column elementor-element elementor-element-3c98474\" data-id=\"3c98474\" data-element_type=\"column\">\n\t\t\t<div class=\"elementor-column-wrap elementor-element-populated\">\n\t\t\t\t\t\t\t<div class=\"elementor-widget-wrap\">\n\t\t\t\t\t\t<div class=\"elementor-element elementor-element-ded7404 elementor-widget elementor-widget-text-editor\" data-id=\"ded7404\" data-element_type=\"widget\" data-widget_type=\"text-editor.default\">\n\t\t\t\t<div class=\"elementor-widget-container\">\n\t\t\t\t\t<div class=\"elementor-text-editor elementor-clearfix\"><p><b>USTED NECESITA SU AUTOMOVIL<br \/><\/b><b>ARREGLELO HOY!<\/b><\/p><p><strong>AHORRE DINERO:\u00a0<\/strong><span style=\"font-family: var( --e-global-typography-text-font-family ); font-weight: var( --e-global-typography-text-font-weight );\">Reembolso de intereses de 90 d\u00edas significa que si paga su saldo en 90 d\u00edas, obtiene un reembolso completo de intereses.<\/span><\/p><p><span style=\"font-family: var( --e-global-typography-text-font-family );\"><b>PRE-CALIFICACION SIN INFORMACION BANCARIA: <\/b>La aplicaci\u00f3n simple de precalificaci\u00f3n de 2 minutos<b> <\/b>ahorra mucho tiempo y esfuerzo<\/span><\/p><p><strong>SIN SORPRESAS:<\/strong> Contratos totalmente transparentes<\/p><\/div>\n\t\t\t\t<\/div>\n\t\t\t\t<\/div>\n\t\t\t\t<div class=\"elementor-element elementor-element-d4c679d elementor-widget elementor-widget-text-editor\" data-id=\"d4c679d\" data-element_type=\"widget\" data-widget_type=\"text-editor.default\">\n\t\t\t\t<div class=\"elementor-widget-container\">\n\t\t\t\t\t<div class=\"elementor-text-editor elementor-clearfix\"><p><b>3 COSAS QUE NECESITAS PARA COMENZAR<\/b><\/p><p><b>1 &#8211; <\/b>Telefono Celular\u00a0<br \/><b>2 &#8211; <\/b>Correo Electronico<br \/><b>3 &#8211; <\/b>Cuenta Bancaria<\/p><p><strong><em>Aplique en el Taller o en l\u00ednea en easypayfinance.com<\/em><\/strong><\/p><\/div>\n\t\t\t\t<\/div>\n\t\t\t\t<\/div>\n\t\t\t\t\t\t<\/div>\n\t\t\t\t\t<\/div>\n\t\t<\/div>\n\t\t\t\t<div class=\"elementor-column elementor-col-50 elementor-inner-column elementor-element elementor-element-c6c5c02\" data-id=\"c6c5c02\" data-element_type=\"column\">\n\t\t\t<div class=\"elementor-column-wrap elementor-element-populated\">\n\t\t\t\t\t\t\t<div class=\"elementor-widget-wrap\">\n\t\t\t\t\t\t<div class=\"elementor-element elementor-element-1b60a00 elementor-widget elementor-widget-image\" data-id=\"1b60a00\" data-element_type=\"widget\" data-widget_type=\"image.default\">\n\t\t\t\t<div class=\"elementor-widget-container\">\n\t\t\t\t\t<div class=\"elementor-image\">\n\t\t\t\t\t\t\t\t\t\t\t<a href=\"https:\/\/customerapp.easypayfinance.com\/apply-now\/m\/0?a=1&#038;ma=1&#038;m=NCZjHjmdUyDB9HBNJGdrnA%3D%3D&#038;p=wwoJgh8mIXLc92ARiufL0A%3D%3D\">\n\t\t\t\t\t\t\t<img width=\"640\" height=\"533\" src=\"https:\/\/www.masterautorepair.net\/wp-content\/uploads\/2022\/01\/EasyPay_Web_Banner_Small-1024x853.png\" class=\"attachment-large size-large\" alt=\"\" loading=\"lazy\" srcset=\"https:\/\/www.masterautorepair.net\/wp-content\/uploads\/2022\/01\/EasyPay_Web_Banner_Small-1024x853.png 1024w, https:\/\/www.masterautorepair.net\/wp-content\/uploads\/2022\/01\/EasyPay_Web_Banner_Small-300x250.png 300w, https:\/\/www.masterautorepair.net\/wp-content\/uploads\/2022\/01\/EasyPay_Web_Banner_Small-768x640.png 768w, https:\/\/www.masterautorepair.net\/wp-content\/uploads\/2022\/01\/EasyPay_Web_Banner_Small-589x491.png 589w, https:\/\/www.masterautorepair.net\/wp-content\/uploads\/2022\/01\/EasyPay_Web_Banner_Small-600x500.png 600w, https:\/\/www.masterautorepair.net\/wp-content\/uploads\/2022\/01\/EasyPay_Web_Banner_Small.png 1251w\" sizes=\"(max-width: 640px) 100vw, 640px\" \/>\t\t\t\t\t\t\t\t<\/a>\n\t\t\t\t\t\t\t\t\t\t\t<\/div>\n\t\t\t\t<\/div>\n\t\t\t\t<\/div>\n\t\t\t\t\t\t<\/div>\n\t\t\t\t\t<\/div>\n\t\t<\/div>\n\t\t\t\t\t\t\t\t<\/div>\n\t\t\t\t\t<\/div>\n\t\t<\/section>\n\t\t\t\t\t\t<\/div>\n\t\t\t\t\t<\/div>\n\t\t<\/div>\n\t\t\t\t\t\t\t\t<\/div>\n\t\t\t\t\t<\/div>\n\t\t<\/section>\n\t\t\t\t<section class=\"elementor-section elementor-top-section elementor-element elementor-element-c596df9 elementor-section-boxed elementor-section-height-default elementor-section-height-default\" data-id=\"c596df9\" data-element_type=\"section\">\n\t\t\t\t\t\t<div class=\"elementor-container elementor-column-gap-default\">\n\t\t\t\t\t\t\t<div class=\"elementor-row\">\n\t\t\t\t\t<div class=\"elementor-column elementor-col-100 elementor-top-column elementor-element elementor-element-7cd8f0d\" data-id=\"7cd8f0d\" data-element_type=\"column\">\n\t\t\t<div class=\"elementor-column-wrap elementor-element-populated\">\n\t\t\t\t\t\t\t<div class=\"elementor-widget-wrap\">\n\t\t\t\t\t\t<div class=\"elementor-element elementor-element-5e060bc elementor-widget elementor-widget-spacer\" data-id=\"5e060bc\" data-element_type=\"widget\" data-widget_type=\"spacer.default\">\n\t\t\t\t<div class=\"elementor-widget-container\">\n\t\t\t\t\t<div class=\"elementor-spacer\">\n\t\t\t<div class=\"elementor-spacer-inner\"><\/div>\n\t\t<\/div>\n\t\t\t\t<\/div>\n\t\t\t\t<\/div>\n\t\t\t\t\t\t<\/div>\n\t\t\t\t\t<\/div>\n\t\t<\/div>\n\t\t\t\t\t\t\t\t<\/div>\n\t\t\t\t\t<\/div>\n\t\t<\/section>\n\t\t\t\t<section class=\"elementor-section elementor-top-section elementor-element elementor-element-b99186e elementor-section-boxed elementor-section-height-default elementor-section-height-default\" data-id=\"b99186e\" data-element_type=\"section\">\n\t\t\t\t\t\t<div class=\"elementor-container elementor-column-gap-default\">\n\t\t\t\t\t\t\t<div class=\"elementor-row\">\n\t\t\t\t\t<div class=\"elementor-column elementor-col-100 elementor-top-column elementor-element elementor-element-d17265f\" data-id=\"d17265f\" data-element_type=\"column\">\n\t\t\t<div class=\"elementor-column-wrap elementor-element-populated\">\n\t\t\t\t\t\t\t<div class=\"elementor-widget-wrap\">\n\t\t\t\t\t\t<section class=\"elementor-section elementor-inner-section elementor-element elementor-element-0f2ed0c elementor-section-boxed elementor-section-height-default elementor-section-height-default\" data-id=\"0f2ed0c\" data-element_type=\"section\">\n\t\t\t\t\t\t<div class=\"elementor-container elementor-column-gap-default\">\n\t\t\t\t\t\t\t<div class=\"elementor-row\">\n\t\t\t\t\t<div class=\"elementor-column elementor-col-50 elementor-inner-column elementor-element elementor-element-20ad97f\" data-id=\"20ad97f\" data-element_type=\"column\">\n\t\t\t<div class=\"elementor-column-wrap elementor-element-populated\">\n\t\t\t\t\t\t\t<div class=\"elementor-widget-wrap\">\n\t\t\t\t\t\t<div class=\"elementor-element elementor-element-c985133 elementor-widget elementor-widget-text-editor\" data-id=\"c985133\" data-element_type=\"widget\" data-widget_type=\"text-editor.default\">\n\t\t\t\t<div class=\"elementor-widget-container\">\n\t\t\t\t\t<div class=\"elementor-text-editor elementor-clearfix\"><p><strong><span style=\"color: #33cccc;\"><img loading=\"lazy\" src=\"https:\/\/www.masterautorepair.net\/wp-content\/uploads\/2022\/01\/243677080_4403423096400809_8685394455121534095_n.png\" alt=\"\" width=\"575\" height=\"459\" \/><\/span><\/strong><\/p><\/div>\n\t\t\t\t<\/div>\n\t\t\t\t<\/div>\n\t\t\t\t<div class=\"elementor-element elementor-element-bb3807c elementor-widget elementor-widget-text-editor\" data-id=\"bb3807c\" data-element_type=\"widget\" data-widget_type=\"text-editor.default\">\n\t\t\t\t<div class=\"elementor-widget-container\">\n\t\t\t\t\t<div class=\"elementor-text-editor elementor-clearfix\"><h4><span style=\"color: #24597a;\">Obtener lo que necesita, cuando lo necesita, no deber\u00eda romper su presupuesto.<\/span><\/h4><\/div>\n\t\t\t\t<\/div>\n\t\t\t\t<\/div>\n\t\t\t\t<div class=\"elementor-element elementor-element-ae53887 elementor-widget elementor-widget-text-editor\" data-id=\"ae53887\" data-element_type=\"widget\" data-widget_type=\"text-editor.default\">\n\t\t\t\t<div class=\"elementor-widget-container\">\n\t\t\t\t\t<div class=\"elementor-text-editor elementor-clearfix\"><p><span style=\"color: #24597a;\">Los planes de pr\u00e9stamo y arrendamiento de Koalafi funcionan para cada situaci\u00f3n crediticia y le permiten dividir los grandes gastos en pagos bajos, fijos y recurrentes.<\/span><\/p><\/div>\n\t\t\t\t<\/div>\n\t\t\t\t<\/div>\n\t\t\t\t\t\t<\/div>\n\t\t\t\t\t<\/div>\n\t\t<\/div>\n\t\t\t\t<div class=\"elementor-column elementor-col-50 elementor-inner-column elementor-element elementor-element-64d26fd\" data-id=\"64d26fd\" data-element_type=\"column\">\n\t\t\t<div class=\"elementor-column-wrap elementor-element-populated\">\n\t\t\t\t\t\t\t<div class=\"elementor-widget-wrap\">\n\t\t\t\t\t\t<div class=\"elementor-element elementor-element-6e46568 elementor-widget elementor-widget-text-editor\" data-id=\"6e46568\" data-element_type=\"widget\" data-widget_type=\"text-editor.default\">\n\t\t\t\t<div class=\"elementor-widget-container\">\n\t\t\t\t\t<div class=\"elementor-text-editor elementor-clearfix\"><p><span style=\"color: #24597a;\">El proceso de solicitud tarda solo 5 minutos en completarse. Le pediremos que proporcione cierta informaci\u00f3n b\u00e1sica y sabr\u00e1 de inmediato si est\u00e1 aprobado y por cu\u00e1nto.<\/span><u><\/u><u><\/u><\/p><p><strong>LO QUE NECESITA PARA APLICAR:<\/strong><\/p><ul style=\"font-weight: 400;\"><li>Numero de Seguro Social \/ ITIN<\/li><li>Nombre del banco, ruta y n\u00fameros de cuenta<\/li><li>Tarjeta de cr\u00e9dito\/d\u00e9bito v\u00e1lida de un banco de EE. UU.<\/li><li>Identificaci\u00f3n con foto emitida por el gobierno de EE. UU.<\/li><li>Ser mayor de 18 a\u00f1os<\/li><li>Ingreso mensual neto<\/li><li>Gasto mensual de vivienda\u00a0<\/li><\/ul><div>\u00a0<\/div><div>\u00a0<\/div><div>\u00a0<\/div><div>\u00a0<\/div><h3 style=\"font-weight: 400; text-align: center;\"><span style=\"color: #24597a;\">Puedes aplicar enviando un mensaje de texto<\/span><\/h3><h3 style=\"font-weight: 400; text-align: center;\"><span style=\"color: #ff0000;\"><strong> BLZRR to 844.223.8937<\/strong><\/span><\/h3><\/div>\n\t\t\t\t<\/div>\n\t\t\t\t<\/div>\n\t\t\t\t\t\t<\/div>\n\t\t\t\t\t<\/div>\n\t\t<\/div>\n\t\t\t\t\t\t\t\t<\/div>\n\t\t\t\t\t<\/div>\n\t\t<\/section>\n\t\t\t\t\t\t<\/div>\n\t\t\t\t\t<\/div>\n\t\t<\/div>\n\t\t\t\t\t\t\t\t<\/div>\n\t\t\t\t\t<\/div>\n\t\t<\/section>\n\t\t\t\t<section class=\"elementor-section elementor-top-section elementor-element elementor-element-ce7e7bd elementor-section-boxed elementor-section-height-default elementor-section-height-default\" data-id=\"ce7e7bd\" data-element_type=\"section\">\n\t\t\t\t\t\t<div class=\"elementor-container elementor-column-gap-default\">\n\t\t\t\t\t\t\t<div class=\"elementor-row\">\n\t\t\t\t\t<div class=\"elementor-column elementor-col-100 elementor-top-column elementor-element elementor-element-047be56\" data-id=\"047be56\" data-element_type=\"column\">\n\t\t\t<div class=\"elementor-column-wrap elementor-element-populated\">\n\t\t\t\t\t\t\t<div class=\"elementor-widget-wrap\">\n\t\t\t\t\t\t<div class=\"elementor-element elementor-element-253f2db elementor-widget elementor-widget-spacer\" data-id=\"253f2db\" data-element_type=\"widget\" data-widget_type=\"spacer.default\">\n\t\t\t\t<div class=\"elementor-widget-container\">\n\t\t\t\t\t<div class=\"elementor-spacer\">\n\t\t\t<div class=\"elementor-spacer-inner\"><\/div>\n\t\t<\/div>\n\t\t\t\t<\/div>\n\t\t\t\t<\/div>\n\t\t\t\t\t\t<\/div>\n\t\t\t\t\t<\/div>\n\t\t<\/div>\n\t\t\t\t\t\t\t\t<\/div>\n\t\t\t\t\t<\/div>\n\t\t<\/section>\n\t\t\t\t<section class=\"elementor-section elementor-top-section elementor-element elementor-element-c9424c2 elementor-section-boxed elementor-section-height-default elementor-section-height-default\" data-id=\"c9424c2\" data-element_type=\"section\">\n\t\t\t\t\t\t<div class=\"elementor-container elementor-column-gap-default\">\n\t\t\t\t\t\t\t<div class=\"elementor-row\">\n\t\t\t\t\t<div class=\"elementor-column elementor-col-100 elementor-top-column elementor-element elementor-element-dae7026\" data-id=\"dae7026\" data-element_type=\"column\">\n\t\t\t<div class=\"elementor-column-wrap elementor-element-populated\">\n\t\t\t\t\t\t\t<div class=\"elementor-widget-wrap\">\n\t\t\t\t\t\t<div class=\"elementor-element elementor-element-3c4a9ee elementor-widget elementor-widget-spacer\" data-id=\"3c4a9ee\" data-element_type=\"widget\" data-widget_type=\"spacer.default\">\n\t\t\t\t<div class=\"elementor-widget-container\">\n\t\t\t\t\t<div class=\"elementor-spacer\">\n\t\t\t<div class=\"elementor-spacer-inner\"><\/div>\n\t\t<\/div>\n\t\t\t\t<\/div>\n\t\t\t\t<\/div>\n\t\t\t\t\t\t<\/div>\n\t\t\t\t\t<\/div>\n\t\t<\/div>\n\t\t\t\t\t\t\t\t<\/div>\n\t\t\t\t\t<\/div>\n\t\t<\/section>\n\t\t\t\t\t\t<\/div>\n\t\t\t\t\t\t<\/div>\n\t\t\t\t\t<\/div>","protected":false},"excerpt":{"rendered":"<p>Special Financing Available We understand that auto repairs and auto maintenance can be expensive. For those unexpected repairs, Masters Auto Repair partnered with two leading finance companies: Easypay and Koalafi, which offer innovative solutions to provide you the help you need, when you needed most.Let&#8217;s get your car, truck, or SUV back on the road.\u00a0 [&hellip;]<\/p>","protected":false},"author":1,"featured_media":0,"parent":0,"menu_order":0,"comment_status":"closed","ping_status":"closed","template":"","meta":{"_coblocks_attr":"","_coblocks_dimensions":"","_coblocks_responsive_height":"","_coblocks_accordion_ie_support":""},"yoast_head":"<!-- This site is optimized with the Yoast SEO plugin v14.9 - https:\/\/yoast.com\/wordpress\/plugins\/seo\/ -->\n<title>Financing &raquo; Masters Auto Repair<\/title>\n<meta name=\"robots\" content=\"index, follow, max-snippet:-1, max-image-preview:large, max-video-preview:-1\" \/>\n<link rel=\"canonical\" href=\"https:\/\/www.masterautorepair.net\/es\/financing\/\" \/>\n<meta property=\"og:locale\" content=\"es_MX\" \/>\n<meta property=\"og:type\" content=\"article\" \/>\n<meta property=\"og:title\" content=\"Financing &raquo; Masters Auto Repair\" \/>\n<meta property=\"og:description\" content=\"Special Financing Available We understand that auto repairs and auto maintenance can be expensive. For those unexpected repairs, Masters Auto Repair partnered with two leading finance companies: Easypay and Koalafi, which offer innovative solutions to provide you the help you need, when you needed most.Let&#8217;s get your car, truck, or SUV back on the road.\u00a0 [&hellip;]\" \/>\n<meta property=\"og:url\" content=\"https:\/\/www.masterautorepair.net\/es\/financing\/\" \/>\n<meta property=\"og:site_name\" content=\"Masters Auto Repair\" \/>\n<meta property=\"article:publisher\" content=\"https:\/\/www.facebook.com\/mastersautorepair\/\" \/>\n<meta property=\"article:modified_time\" content=\"2022-01-19T17:45:15+00:00\" \/>\n<meta property=\"og:image\" content=\"https:\/\/www.masterautorepair.net\/wp-content\/uploads\/2022\/01\/EasyPay_Web_Banner_Small-1024x853.png\" \/>\n<meta name=\"twitter:card\" content=\"summary_large_image\" \/>\n<script type=\"application\/ld+json\" class=\"yoast-schema-graph\">{\"@context\":\"https:\/\/schema.org\",\"@graph\":[{\"@type\":\"Organization\",\"@id\":\"https:\/\/www.masterautorepair.net\/es\/#organization\",\"name\":\"Master's Auto Repair\",\"url\":\"https:\/\/www.masterautorepair.net\/es\/\",\"sameAs\":[\"https:\/\/www.facebook.com\/mastersautorepair\/\"],\"logo\":{\"@type\":\"ImageObject\",\"@id\":\"https:\/\/www.masterautorepair.net\/es\/#logo\",\"inLanguage\":\"es-MX\",\"url\":\"https:\/\/www.masterautorepair.net\/wp-content\/uploads\/2020\/08\/Masters-Auto-Repair-Logo.png\",\"width\":1728,\"height\":1020,\"caption\":\"Master's Auto Repair\"},\"image\":{\"@id\":\"https:\/\/www.masterautorepair.net\/es\/#logo\"}},{\"@type\":\"WebSite\",\"@id\":\"https:\/\/www.masterautorepair.net\/es\/#website\",\"url\":\"https:\/\/www.masterautorepair.net\/es\/\",\"name\":\"Masters Auto Repair\",\"description\":\"Full satisfaction in affordable prices\",\"publisher\":{\"@id\":\"https:\/\/www.masterautorepair.net\/es\/#organization\"},\"potentialAction\":[{\"@type\":\"SearchAction\",\"target\":\"https:\/\/www.masterautorepair.net\/es\/?s={search_term_string}\",\"query-input\":\"required name=search_term_string\"}],\"inLanguage\":\"es-MX\"},{\"@type\":\"ImageObject\",\"@id\":\"https:\/\/www.masterautorepair.net\/financing\/#primaryimage\",\"inLanguage\":\"es-MX\",\"url\":\"https:\/\/www.masterautorepair.net\/wp-content\/uploads\/2022\/01\/EasyPay_Web_Banner_Small.png\",\"width\":1251,\"height\":1042},{\"@type\":\"WebPage\",\"@id\":\"https:\/\/www.masterautorepair.net\/financing\/#webpage\",\"url\":\"https:\/\/www.masterautorepair.net\/financing\/\",\"name\":\"Financing &raquo; Masters Auto Repair\",\"isPartOf\":{\"@id\":\"https:\/\/www.masterautorepair.net\/es\/#website\"},\"primaryImageOfPage\":{\"@id\":\"https:\/\/www.masterautorepair.net\/financing\/#primaryimage\"},\"datePublished\":\"2022-01-17T18:58:46+00:00\",\"dateModified\":\"2022-01-19T17:45:15+00:00\",\"inLanguage\":\"es-MX\",\"potentialAction\":[{\"@type\":\"ReadAction\",\"target\":[\"https:\/\/www.masterautorepair.net\/financing\/\"]}]}]}<\/script>\n<!-- \/ Yoast SEO plugin. -->","_links":{"self":[{"href":"https:\/\/www.masterautorepair.net\/es\/wp-json\/wp\/v2\/pages\/3019"}],"collection":[{"href":"https:\/\/www.masterautorepair.net\/es\/wp-json\/wp\/v2\/pages"}],"about":[{"href":"https:\/\/www.masterautorepair.net\/es\/wp-json\/wp\/v2\/types\/page"}],"author":[{"embeddable":true,"href":"https:\/\/www.masterautorepair.net\/es\/wp-json\/wp\/v2\/users\/1"}],"replies":[{"embeddable":true,"href":"https:\/\/www.masterautorepair.net\/es\/wp-json\/wp\/v2\/comments?post=3019"}],"version-history":[{"count":32,"href":"https:\/\/www.masterautorepair.net\/es\/wp-json\/wp\/v2\/pages\/3019\/revisions"}],"predecessor-version":[{"id":3064,"href":"https:\/\/www.masterautorepair.net\/es\/wp-json\/wp\/v2\/pages\/3019\/revisions\/3064"}],"wp:attachment":[{"href":"https:\/\/www.masterautorepair.net\/es\/wp-json\/wp\/v2\/media?parent=3019"}],"curies":[{"name":"wp","href":"https:\/\/api.w.org\/{rel}","templated":true}]}}