{"id":2821,"date":"2020-08-31T19:28:12","date_gmt":"2020-08-31T19:28:12","guid":{"rendered":"https:\/\/www.masterautorepair.net\/?page_id=2821"},"modified":"2022-09-30T22:00:00","modified_gmt":"2022-09-30T22:00:00","slug":"technet-care","status":"publish","type":"page","link":"https:\/\/www.masterautorepair.net\/es\/technet-care\/","title":{"rendered":"Technet Care"},"content":{"rendered":"<div data-elementor-type=\"wp-page\" data-elementor-id=\"2821\" class=\"elementor elementor-2821\" data-elementor-settings=\"[]\">\n\t\t\t\t\t\t<div class=\"elementor-inner\">\n\t\t\t\t\t\t\t<div class=\"elementor-section-wrap\">\n\t\t\t\t\t\t\t<section class=\"elementor-section elementor-top-section elementor-element elementor-element-b0502ce elementor-section-boxed elementor-section-height-default elementor-section-height-default\" data-id=\"b0502ce\" data-element_type=\"section\">\n\t\t\t\t\t\t<div class=\"elementor-container elementor-column-gap-default\">\n\t\t\t\t\t\t\t<div class=\"elementor-row\">\n\t\t\t\t\t<div class=\"elementor-column elementor-col-100 elementor-top-column elementor-element elementor-element-d69fdf5\" data-id=\"d69fdf5\" data-element_type=\"column\">\n\t\t\t<div class=\"elementor-column-wrap elementor-element-populated\">\n\t\t\t\t\t\t\t<div class=\"elementor-widget-wrap\">\n\t\t\t\t\t\t<div class=\"elementor-element elementor-element-2ca89c0 elementor-widget elementor-widget-heading\" data-id=\"2ca89c0\" data-element_type=\"widget\" data-widget_type=\"heading.default\">\n\t\t\t\t<div class=\"elementor-widget-container\">\n\t\t\t<h1 class=\"elementor-heading-title elementor-size-default\">TECHNET PROFESSIONAL CARE<\/h1>\t\t<\/div>\n\t\t\t\t<\/div>\n\t\t\t\t<div class=\"elementor-element elementor-element-39d3a8b elementor-widget elementor-widget-text-editor\" data-id=\"39d3a8b\" data-element_type=\"widget\" data-widget_type=\"text-editor.default\">\n\t\t\t\t<div class=\"elementor-widget-container\">\n\t\t\t\t\t<div class=\"elementor-text-editor elementor-clearfix\"><p>Los talleres de TechNet ofrecen a los clientes un servicio confiable respaldado por una garant\u00eda nacional durante al menos 24 meses\/24,000 millas, un Programa de Asistencia en Carreteras y mucho m\u00e1s<br \/><br \/><\/p><p data-aura-rendered-by=\"847:0\"><b>Garant\u00eda Nacional.<br \/><\/b>Cuando recibe servicio y reparaciones realizadas por una instalaci\u00f3n autorizada de TechNet Professional Automotive Service, est\u00e1 cubierto por una garant\u00eda de reparaci\u00f3n limitada a nivel nacional que se extiende a trav\u00e9s de Norte America, durante 24 meses o 24,000 millas, lo que ocurra primero.<\/p><p data-aura-rendered-by=\"86:465;a\"><b>Asistencia en Carretera.\u00a0\u00a0<br \/><\/b>Llantas pochadas, llaves perdidas, tanque de gas vac\u00edo, bater\u00eda muerta o necesita un remolque? Hemos hecho que sea f\u00e1cil para usted recibir ayuda en cualquier momento, de d\u00eda o de noche, con el Programa de Asistencia en Carretera. Los centros de servicio automotriz profesional de TechNet ofrecen reembolso de asistencia en carretera con su servicio calificado.<\/p><p data-aura-rendered-by=\"86:465;a\">\u00a0<\/p><\/div>\n\t\t\t\t<\/div>\n\t\t\t\t<\/div>\n\t\t\t\t\t\t<\/div>\n\t\t\t\t\t<\/div>\n\t\t<\/div>\n\t\t\t\t\t\t\t\t<\/div>\n\t\t\t\t\t<\/div>\n\t\t<\/section>\n\t\t\t\t<section class=\"elementor-section elementor-top-section elementor-element elementor-element-e4ee641 elementor-section-boxed elementor-section-height-default elementor-section-height-default\" data-id=\"e4ee641\" data-element_type=\"section\">\n\t\t\t\t\t\t<div class=\"elementor-container elementor-column-gap-default\">\n\t\t\t\t\t\t\t<div class=\"elementor-row\">\n\t\t\t\t\t<div class=\"elementor-column elementor-col-100 elementor-top-column elementor-element elementor-element-4e19e12\" data-id=\"4e19e12\" data-element_type=\"column\">\n\t\t\t<div class=\"elementor-column-wrap elementor-element-populated\">\n\t\t\t\t\t\t\t<div class=\"elementor-widget-wrap\">\n\t\t\t\t\t\t<div class=\"elementor-element elementor-element-ba79d45 elementor-position-top elementor-vertical-align-top elementor-widget elementor-widget-image-box\" data-id=\"ba79d45\" data-element_type=\"widget\" data-widget_type=\"image-box.default\">\n\t\t\t\t<div class=\"elementor-widget-container\">\n\t\t\t<div class=\"elementor-image-box-wrapper\"><figure class=\"elementor-image-box-img\"><img width=\"1280\" height=\"650\" src=\"https:\/\/www.masterautorepair.net\/wp-content\/uploads\/2022\/03\/PRO_21230313_TechNet-POP-Brakes-_-Feb-March-Website-Ads-1280x650-FINAL.jpg\" class=\"attachment-full size-full\" alt=\"\" loading=\"lazy\" srcset=\"https:\/\/www.masterautorepair.net\/wp-content\/uploads\/2022\/03\/PRO_21230313_TechNet-POP-Brakes-_-Feb-March-Website-Ads-1280x650-FINAL.jpg 1280w, https:\/\/www.masterautorepair.net\/wp-content\/uploads\/2022\/03\/PRO_21230313_TechNet-POP-Brakes-_-Feb-March-Website-Ads-1280x650-FINAL-300x152.jpg 300w, https:\/\/www.masterautorepair.net\/wp-content\/uploads\/2022\/03\/PRO_21230313_TechNet-POP-Brakes-_-Feb-March-Website-Ads-1280x650-FINAL-1024x520.jpg 1024w, https:\/\/www.masterautorepair.net\/wp-content\/uploads\/2022\/03\/PRO_21230313_TechNet-POP-Brakes-_-Feb-March-Website-Ads-1280x650-FINAL-768x390.jpg 768w, https:\/\/www.masterautorepair.net\/wp-content\/uploads\/2022\/03\/PRO_21230313_TechNet-POP-Brakes-_-Feb-March-Website-Ads-1280x650-FINAL-870x442.jpg 870w, https:\/\/www.masterautorepair.net\/wp-content\/uploads\/2022\/03\/PRO_21230313_TechNet-POP-Brakes-_-Feb-March-Website-Ads-1280x650-FINAL-600x305.jpg 600w\" sizes=\"(max-width: 1280px) 100vw, 1280px\" \/><\/figure><div class=\"elementor-image-box-content\"><h3 class=\"elementor-image-box-title\"><span style=\"font-family: Helvetica; text-align: start; white-space: normal; color: rgb(2,68,148); font-size: 28px;\"><br>Maintain one of the most important safety systems in your vehicle and get up to<br><br><br> $40 back, $20 per axle, on brake pads and rotors.<\/span><\/h3><p class=\"elementor-image-box-description\">*Get up to $40 ($20 per Axel) in the form of a TechNet Professional Prepaid Mastercard\u00ae<br> by email or mail with purchase and installation of a qualifying Brake Bundle (Pads and Rotors).<br> Maximum rebate is $20 per Axel. Offer valid February 1st \u2013 March 31st, 2022.<\/p><\/div><\/div>\t\t<\/div>\n\t\t\t\t<\/div>\n\t\t\t\t\t\t<\/div>\n\t\t\t\t\t<\/div>\n\t\t<\/div>\n\t\t\t\t\t\t\t\t<\/div>\n\t\t\t\t\t<\/div>\n\t\t<\/section>\n\t\t\t\t<section class=\"elementor-section elementor-top-section elementor-element elementor-element-4e43b16 elementor-section-full_width elementor-section-height-default elementor-section-height-default\" data-id=\"4e43b16\" data-element_type=\"section\">\n\t\t\t\t\t\t<div class=\"elementor-container elementor-column-gap-default\">\n\t\t\t\t\t\t\t<div class=\"elementor-row\">\n\t\t\t\t\t<div class=\"elementor-column elementor-col-33 elementor-top-column elementor-element elementor-element-bd195f5\" data-id=\"bd195f5\" data-element_type=\"column\">\n\t\t\t<div class=\"elementor-column-wrap elementor-element-populated\">\n\t\t\t\t\t\t\t<div class=\"elementor-widget-wrap\">\n\t\t\t\t\t\t<div class=\"elementor-element elementor-element-82cccde elementor-button-danger elementor-align-center elementor-widget elementor-widget-button\" data-id=\"82cccde\" data-element_type=\"widget\" data-widget_type=\"button.default\">\n\t\t\t\t<div class=\"elementor-widget-container\">\n\t\t\t\t\t<div class=\"elementor-button-wrapper\">\n\t\t\t<a href=\"https:\/\/www.masterautorepair.net\/wp-content\/uploads\/2020\/08\/2019-24-24-Terms-and-Conditions-Technet-customers.pdf\" target=\"_blank\" class=\"elementor-button-link elementor-button elementor-size-md\" role=\"button\">\n\t\t\t\t\t\t<span class=\"elementor-button-content-wrapper\">\n\t\t\t\t\t\t<span class=\"elementor-button-text\">Garant\u00eda Nacional.<br> Terminos y Condiciones<\/span>\n\t\t<\/span>\n\t\t\t\t\t<\/a>\n\t\t<\/div>\n\t\t\t\t<\/div>\n\t\t\t\t<\/div>\n\t\t\t\t\t\t<\/div>\n\t\t\t\t\t<\/div>\n\t\t<\/div>\n\t\t\t\t<div class=\"elementor-column elementor-col-33 elementor-top-column elementor-element elementor-element-73fbb30\" data-id=\"73fbb30\" data-element_type=\"column\">\n\t\t\t<div class=\"elementor-column-wrap elementor-element-populated\">\n\t\t\t\t\t\t\t<div class=\"elementor-widget-wrap\">\n\t\t\t\t\t\t<div class=\"elementor-element elementor-element-a857eda elementor-button-danger elementor-align-center elementor-widget elementor-widget-button\" data-id=\"a857eda\" data-element_type=\"widget\" data-widget_type=\"button.default\">\n\t\t\t\t<div class=\"elementor-widget-container\">\n\t\t\t\t\t<div class=\"elementor-button-wrapper\">\n\t\t\t<a href=\"https:\/\/www.masterautorepair.net\/wp-content\/uploads\/2022\/03\/PRO_21230313_TechNet-POP-Brakes-\ufffd-Feb-March-Rebate-Pad-US-ENG-FINAL.pdf\" target=\"_blank\" class=\"elementor-button-link elementor-button elementor-size-lg\" role=\"button\">\n\t\t\t\t\t\t<span class=\"elementor-button-content-wrapper\">\n\t\t\t\t\t\t<span class=\"elementor-button-text\">Brakes  Rebate Form<\/span>\n\t\t<\/span>\n\t\t\t\t\t<\/a>\n\t\t<\/div>\n\t\t\t\t<\/div>\n\t\t\t\t<\/div>\n\t\t\t\t\t\t<\/div>\n\t\t\t\t\t<\/div>\n\t\t<\/div>\n\t\t\t\t<div class=\"elementor-column elementor-col-33 elementor-top-column elementor-element elementor-element-dae95be\" data-id=\"dae95be\" data-element_type=\"column\">\n\t\t\t<div class=\"elementor-column-wrap elementor-element-populated\">\n\t\t\t\t\t\t\t<div class=\"elementor-widget-wrap\">\n\t\t\t\t\t\t<div class=\"elementor-element elementor-element-d495217 elementor-button-danger elementor-align-center elementor-widget elementor-widget-button\" data-id=\"d495217\" data-element_type=\"widget\" data-widget_type=\"button.default\">\n\t\t\t\t<div class=\"elementor-widget-container\">\n\t\t\t\t\t<div class=\"elementor-button-wrapper\">\n\t\t\t<a href=\"https:\/\/www.masterautorepair.net\/wp-content\/uploads\/2020\/08\/Roadside-assistance-Claim-Form-\u2013-Spanish-2020-1.pdf\" target=\"_blank\" class=\"elementor-button-link elementor-button elementor-size-md\" role=\"button\">\n\t\t\t\t\t\t<span class=\"elementor-button-content-wrapper\">\n\t\t\t\t\t\t<span class=\"elementor-button-text\">Technet Asistencia en Carretera<br> Formulario de Reclamo<\/span>\n\t\t<\/span>\n\t\t\t\t\t<\/a>\n\t\t<\/div>\n\t\t\t\t<\/div>\n\t\t\t\t<\/div>\n\t\t\t\t\t\t<\/div>\n\t\t\t\t\t<\/div>\n\t\t<\/div>\n\t\t\t\t\t\t\t\t<\/div>\n\t\t\t\t\t<\/div>\n\t\t<\/section>\n\t\t\t\t<section class=\"elementor-section elementor-top-section elementor-element elementor-element-3a0e6e9 elementor-section-boxed elementor-section-height-default elementor-section-height-default\" data-id=\"3a0e6e9\" data-element_type=\"section\">\n\t\t\t\t\t\t<div class=\"elementor-container elementor-column-gap-default\">\n\t\t\t\t\t\t\t<div class=\"elementor-row\">\n\t\t\t\t\t<div class=\"elementor-column elementor-col-100 elementor-top-column elementor-element elementor-element-a56f60a\" data-id=\"a56f60a\" data-element_type=\"column\">\n\t\t\t<div class=\"elementor-column-wrap elementor-element-populated\">\n\t\t\t\t\t\t\t<div class=\"elementor-widget-wrap\">\n\t\t\t\t\t\t<div class=\"elementor-element elementor-element-549cfd4 elementor-arrows-position-inside elementor-pagination-position-outside elementor-widget elementor-widget-image-carousel\" data-id=\"549cfd4\" data-element_type=\"widget\" data-settings=\"{&quot;navigation&quot;:&quot;both&quot;,&quot;autoplay&quot;:&quot;yes&quot;,&quot;pause_on_hover&quot;:&quot;yes&quot;,&quot;pause_on_interaction&quot;:&quot;yes&quot;,&quot;autoplay_speed&quot;:5000,&quot;infinite&quot;:&quot;yes&quot;,&quot;speed&quot;:500}\" data-widget_type=\"image-carousel.default\">\n\t\t\t\t<div class=\"elementor-widget-container\">\n\t\t\t\t\t<div class=\"elementor-image-carousel-wrapper swiper-container\" dir=\"ltr\">\n\t\t\t<div class=\"elementor-image-carousel swiper-wrapper\">\n\t\t\t\t<div class=\"swiper-slide\"><figure class=\"swiper-slide-inner\"><img class=\"swiper-slide-image\" src=\"https:\/\/www.masterautorepair.net\/wp-content\/uploads\/2020\/08\/68F407A1C374459D8B8954A8529CD9F1-150x150.png\" alt=\"68F407A1C374459D8B8954A8529CD9F1\" \/><\/figure><\/div><div class=\"swiper-slide\"><figure class=\"swiper-slide-inner\"><img class=\"swiper-slide-image\" src=\"https:\/\/www.masterautorepair.net\/wp-content\/uploads\/2020\/08\/TechNetLogo-150x150.png\" alt=\"TechNet+Logo\" \/><\/figure><\/div><div class=\"swiper-slide\"><figure class=\"swiper-slide-inner\"><img class=\"swiper-slide-image\" src=\"https:\/\/www.masterautorepair.net\/wp-content\/uploads\/2020\/08\/5443343CA77C470AA1E7BFFE11A0E60C-150x150.png\" alt=\"5443343CA77C470AA1E7BFFE11A0E60C\" \/><\/figure><\/div>\t\t\t<\/div>\n\t\t\t\t\t\t\t\t\t\t\t\t<div class=\"swiper-pagination\"><\/div>\n\t\t\t\t\t\t\t\t\t\t\t\t\t<div class=\"elementor-swiper-button elementor-swiper-button-prev\">\n\t\t\t\t\t\t<i class=\"eicon-chevron-left\" aria-hidden=\"true\"><\/i>\n\t\t\t\t\t\t<span class=\"elementor-screen-only\">Previo<\/span>\n\t\t\t\t\t<\/div>\n\t\t\t\t\t<div class=\"elementor-swiper-button elementor-swiper-button-next\">\n\t\t\t\t\t\t<i class=\"eicon-chevron-right\" aria-hidden=\"true\"><\/i>\n\t\t\t\t\t\t<span class=\"elementor-screen-only\">Siguiente<\/span>\n\t\t\t\t\t<\/div>\n\t\t\t\t\t\t\t\t\t<\/div>\n\t\t\t\t<\/div>\n\t\t\t\t<\/div>\n\t\t\t\t<div class=\"elementor-element elementor-element-2b90136 elementor-widget elementor-widget-divider\" data-id=\"2b90136\" data-element_type=\"widget\" data-widget_type=\"divider.default\">\n\t\t\t\t<div class=\"elementor-widget-container\">\n\t\t\t\t\t<div class=\"elementor-divider\">\n\t\t\t<span class=\"elementor-divider-separator\">\n\t\t\t\t\t\t<\/span>\n\t\t<\/div>\n\t\t\t\t<\/div>\n\t\t\t\t<\/div>\n\t\t\t\t\t\t<\/div>\n\t\t\t\t\t<\/div>\n\t\t<\/div>\n\t\t\t\t\t\t\t\t<\/div>\n\t\t\t\t\t<\/div>\n\t\t<\/section>\n\t\t\t\t\t\t<\/div>\n\t\t\t\t\t\t<\/div>\n\t\t\t\t\t<\/div>","protected":false},"excerpt":{"rendered":"<p>TECHNET PROFESSIONAL CARE TechNet shops provide customers with dependable service backed by a Nationwide Warranty for least 24 months\/24,000 miles, a Roadside Assistance Program, and much more. Nationwide Warranty.When you have service and repairs performed by an authorized TechNet Professional Automotive Service facility, you&#8217;re covered by a nationwide limited repair warranty that extends across North [&hellip;]<\/p>","protected":false},"author":1,"featured_media":0,"parent":0,"menu_order":0,"comment_status":"closed","ping_status":"closed","template":"","meta":{"_coblocks_attr":"","_coblocks_dimensions":"","_coblocks_responsive_height":"","_coblocks_accordion_ie_support":""},"yoast_head":"<!-- This site is optimized with the Yoast SEO plugin v14.9 - https:\/\/yoast.com\/wordpress\/plugins\/seo\/ -->\n<title>Technet Care &raquo; Masters Auto Repair<\/title>\n<meta name=\"robots\" content=\"index, follow, max-snippet:-1, max-image-preview:large, max-video-preview:-1\" \/>\n<link rel=\"canonical\" href=\"https:\/\/www.masterautorepair.net\/es\/technet-care\/\" \/>\n<meta property=\"og:locale\" content=\"es_MX\" \/>\n<meta property=\"og:type\" content=\"article\" \/>\n<meta property=\"og:title\" content=\"Technet Care &raquo; Masters Auto Repair\" \/>\n<meta property=\"og:description\" content=\"TECHNET PROFESSIONAL CARE TechNet shops provide customers with dependable service backed by a Nationwide Warranty for least 24 months\/24,000 miles, a Roadside Assistance Program, and much more. Nationwide Warranty.When you have service and repairs performed by an authorized TechNet Professional Automotive Service facility, you&#8217;re covered by a nationwide limited repair warranty that extends across North [&hellip;]\" \/>\n<meta property=\"og:url\" content=\"https:\/\/www.masterautorepair.net\/es\/technet-care\/\" \/>\n<meta property=\"og:site_name\" content=\"Masters Auto Repair\" \/>\n<meta property=\"article:publisher\" content=\"https:\/\/www.facebook.com\/mastersautorepair\/\" \/>\n<meta property=\"article:modified_time\" content=\"2022-09-30T22:00:00+00:00\" \/>\n<meta property=\"og:image\" content=\"https:\/\/www.masterautorepair.net\/wp-content\/uploads\/2022\/03\/PRO_21230313_TechNet-POP-Brakes-_-Feb-March-Website-Ads-1280x650-FINAL.jpg\" \/>\n<meta name=\"twitter:card\" content=\"summary_large_image\" \/>\n<script type=\"application\/ld+json\" class=\"yoast-schema-graph\">{\"@context\":\"https:\/\/schema.org\",\"@graph\":[{\"@type\":\"Organization\",\"@id\":\"https:\/\/www.masterautorepair.net\/es\/#organization\",\"name\":\"Master's Auto Repair\",\"url\":\"https:\/\/www.masterautorepair.net\/es\/\",\"sameAs\":[\"https:\/\/www.facebook.com\/mastersautorepair\/\"],\"logo\":{\"@type\":\"ImageObject\",\"@id\":\"https:\/\/www.masterautorepair.net\/es\/#logo\",\"inLanguage\":\"es-MX\",\"url\":\"https:\/\/www.masterautorepair.net\/wp-content\/uploads\/2020\/08\/Masters-Auto-Repair-Logo.png\",\"width\":1728,\"height\":1020,\"caption\":\"Master's Auto Repair\"},\"image\":{\"@id\":\"https:\/\/www.masterautorepair.net\/es\/#logo\"}},{\"@type\":\"WebSite\",\"@id\":\"https:\/\/www.masterautorepair.net\/es\/#website\",\"url\":\"https:\/\/www.masterautorepair.net\/es\/\",\"name\":\"Masters Auto Repair\",\"description\":\"Full satisfaction in affordable prices\",\"publisher\":{\"@id\":\"https:\/\/www.masterautorepair.net\/es\/#organization\"},\"potentialAction\":[{\"@type\":\"SearchAction\",\"target\":\"https:\/\/www.masterautorepair.net\/es\/?s={search_term_string}\",\"query-input\":\"required name=search_term_string\"}],\"inLanguage\":\"es-MX\"},{\"@type\":\"ImageObject\",\"@id\":\"https:\/\/www.masterautorepair.net\/technet-care\/#primaryimage\",\"inLanguage\":\"es-MX\",\"url\":\"https:\/\/www.masterautorepair.net\/wp-content\/uploads\/2022\/03\/PRO_21230313_TechNet-POP-Brakes-_-Feb-March-Website-Ads-1280x650-FINAL.jpg\",\"width\":1280,\"height\":650},{\"@type\":\"WebPage\",\"@id\":\"https:\/\/www.masterautorepair.net\/technet-care\/#webpage\",\"url\":\"https:\/\/www.masterautorepair.net\/technet-care\/\",\"name\":\"Technet Care &raquo; Masters Auto Repair\",\"isPartOf\":{\"@id\":\"https:\/\/www.masterautorepair.net\/es\/#website\"},\"primaryImageOfPage\":{\"@id\":\"https:\/\/www.masterautorepair.net\/technet-care\/#primaryimage\"},\"datePublished\":\"2020-08-31T19:28:12+00:00\",\"dateModified\":\"2022-09-30T22:00:00+00:00\",\"inLanguage\":\"es-MX\",\"potentialAction\":[{\"@type\":\"ReadAction\",\"target\":[\"https:\/\/www.masterautorepair.net\/technet-care\/\"]}]}]}<\/script>\n<!-- \/ Yoast SEO plugin. -->","_links":{"self":[{"href":"https:\/\/www.masterautorepair.net\/es\/wp-json\/wp\/v2\/pages\/2821"}],"collection":[{"href":"https:\/\/www.masterautorepair.net\/es\/wp-json\/wp\/v2\/pages"}],"about":[{"href":"https:\/\/www.masterautorepair.net\/es\/wp-json\/wp\/v2\/types\/page"}],"author":[{"embeddable":true,"href":"https:\/\/www.masterautorepair.net\/es\/wp-json\/wp\/v2\/users\/1"}],"replies":[{"embeddable":true,"href":"https:\/\/www.masterautorepair.net\/es\/wp-json\/wp\/v2\/comments?post=2821"}],"version-history":[{"count":49,"href":"https:\/\/www.masterautorepair.net\/es\/wp-json\/wp\/v2\/pages\/2821\/revisions"}],"predecessor-version":[{"id":3089,"href":"https:\/\/www.masterautorepair.net\/es\/wp-json\/wp\/v2\/pages\/2821\/revisions\/3089"}],"wp:attachment":[{"href":"https:\/\/www.masterautorepair.net\/es\/wp-json\/wp\/v2\/media?parent=2821"}],"curies":[{"name":"wp","href":"https:\/\/api.w.org\/{rel}","templated":true}]}}