{"id":1520,"date":"2017-03-08T07:18:04","date_gmt":"2017-03-08T07:18:04","guid":{"rendered":"https:\/\/smartdata.tonytemplates.com\/car-repair-service-v4-services\/?page_id=2"},"modified":"2022-01-17T18:57:20","modified_gmt":"2022-01-17T18:57:20","slug":"about-us","status":"publish","type":"page","link":"https:\/\/www.masterautorepair.net\/es\/about-us\/","title":{"rendered":"NOSOTROS"},"content":{"rendered":"<div data-elementor-type=\"wp-page\" data-elementor-id=\"1520\" class=\"elementor elementor-1520\" data-elementor-settings=\"[]\">\n\t\t\t\t\t\t<div class=\"elementor-inner\">\n\t\t\t\t\t\t\t<div class=\"elementor-section-wrap\">\n\t\t\t\t\t\t\t<section class=\"elementor-section elementor-top-section elementor-element elementor-element-cef3218 elementor-section-stretched elementor-section-full_width elementor-section-height-default elementor-section-height-default\" data-id=\"cef3218\" data-element_type=\"section\" data-settings=\"{&quot;stretch_section&quot;:&quot;section-stretched&quot;}\">\n\t\t\t\t\t\t<div class=\"elementor-container elementor-column-gap-no\">\n\t\t\t\t\t\t\t<div class=\"elementor-row\">\n\t\t\t\t\t<div class=\"elementor-column elementor-col-100 elementor-top-column elementor-element elementor-element-45c630c\" data-id=\"45c630c\" data-element_type=\"column\">\n\t\t\t<div class=\"elementor-column-wrap elementor-element-populated\">\n\t\t\t\t\t\t\t<div class=\"elementor-widget-wrap\">\n\t\t\t\t\t\t<div class=\"elementor-element elementor-element-349161e elementor-widget elementor-widget-about_us_1\" data-id=\"349161e\" data-element_type=\"widget\" data-widget_type=\"about_us_1.default\">\n\t\t\t\t<div class=\"elementor-widget-container\">\n\t\t\t\n\t\t<div class=\"block\">\n\t\t\t<div class=\"container no-indent\">\n\t\t\t\t<div class=\"wrapper-parallax-left02\">\n\t\t\t\t\t<div class=\"col-img\">\n\t\t\t\t\t\t<img width=\"384\" height=\"384\" src=\"https:\/\/www.masterautorepair.net\/wp-content\/uploads\/2020\/04\/popup-img03.jpg\" class=\"attachment-full size-full\" alt=\"\" loading=\"lazy\" srcset=\"https:\/\/www.masterautorepair.net\/wp-content\/uploads\/2020\/04\/popup-img03.jpg 384w, https:\/\/www.masterautorepair.net\/wp-content\/uploads\/2020\/04\/popup-img03-300x300.jpg 300w, https:\/\/www.masterautorepair.net\/wp-content\/uploads\/2020\/04\/popup-img03-100x100.jpg 100w, https:\/\/www.masterautorepair.net\/wp-content\/uploads\/2020\/04\/popup-img03-150x150.jpg 150w, https:\/\/www.masterautorepair.net\/wp-content\/uploads\/2020\/04\/popup-img03-370x370.jpg 370w, https:\/\/www.masterautorepair.net\/wp-content\/uploads\/2020\/04\/popup-img03-178x179.jpg 178w\" sizes=\"(max-width: 384px) 100vw, 384px\" \/>\t\t\t\t\t<\/div>\n\t\t\t\t\t<div class=\"col-description\">\n\t\t\t\t\t\t<div class=\"block-title text-left\">\n\t\t\t\t\t\t\t<h3 class=\"block-title__title\">\n\t\t\t\t\t\t\t<span class=\"color\">Una Reputacion<\/span> de mas de 30 A\u00f1os\t\t\t\t\t\t\t<\/h3>\n\t\t\t\t\t\t\t<div class=\"title-separator\"><\/div>\n\t\t\t\t\t\t<\/div>\n\t\t\t\t\t\t<p>Nuestra familia ha estado involucrada en la reparaci\u00f3n automotriz general durante m\u00e1s de dos d\u00e9cadas, y el negocio sigue creciendo.<\/p><p>Nuestra taller de reparaci\u00f3n es de propiedad familiar y operado en La Villita Chicago, IL que sirve a nuestra comunidad local y \u00e1reas circundantes durante 3 a\u00f1os. Nuestros t\u00e9cnicos certificados est\u00e1n listos para hacer frente a cualquier reparaci\u00f3n de autom\u00f3viles necesaria o problemas de veh\u00edculos que usted pueda estar experimentando.<\/p><p>Rafael Landeros.<br \/><br \/><\/p><p><img loading=\"lazy\" class=\"alignnone wp-image-2687 size-full\" src=\"https:\/\/www.masterautorepair.net\/wp-content\/uploads\/2020\/08\/Signatures-1-e1623876546896.png\" alt=\"\" width=\"455\" height=\"160\" srcset=\"https:\/\/www.masterautorepair.net\/wp-content\/uploads\/2020\/08\/Signatures-1-e1623876546896.png 455w, https:\/\/www.masterautorepair.net\/wp-content\/uploads\/2020\/08\/Signatures-1-e1623876546896-300x105.png 300w\" sizes=\"(max-width: 455px) 100vw, 455px\" \/><\/p>\t\t\t\t\t<\/div>\n\t\t\t\t<\/div>\n\t\t\t\t<div class=\"divider-md\"><\/div>\n\t\t\t\t<div class=\"row\">\n\t\t\t\t\t\t\t\t\t<div class=\"col-md-4\">\n\t\t\t\t\t\t<h6 class=\"subtitle\">Nuestra Mision<\/h6>\n\t\t\t\t\t\t<p>As a TECHNET Professional Automotive Service center,we are committed to providing superior service to our customers and their vehicles. We stand behind everything we do with a Nationwide Warranty, supported by a network of independent repair shops across North America, Alaska and Puerto Rico.<\/p><p><img loading=\"lazy\" class=\"wp-image-2537 aligncenter\" src=\"http:\/\/www.masterautorepair.net\/wp-content\/uploads\/2020\/08\/68F407A1C374459D8B8954A8529CD9F1.png\" alt=\"\" width=\"210\" height=\"284\" srcset=\"https:\/\/www.masterautorepair.net\/wp-content\/uploads\/2020\/08\/68F407A1C374459D8B8954A8529CD9F1.png 528w, https:\/\/www.masterautorepair.net\/wp-content\/uploads\/2020\/08\/68F407A1C374459D8B8954A8529CD9F1-222x300.png 222w, https:\/\/www.masterautorepair.net\/wp-content\/uploads\/2020\/08\/68F407A1C374459D8B8954A8529CD9F1-363x491.png 363w\" sizes=\"(max-width: 210px) 100vw, 210px\" \/><\/p>\t\t\t\t\t<\/div>\n\t\t\t\t\t\t\t\t\t\t<div class=\"divider-md hidden-lg hidden-md\"><\/div>\n\t\t\t\t\t\t\t\t\t\t\t\t\t\t\t<div class=\"col-md-4\">\n\t\t\t\t\t\t<h6 class=\"subtitle\">Nuestra Vision<\/h6>\n\t\t\t\t\t\t<p>Ser l\u00edder exitoso en soluciones de inteligencia empresarial automotriz. Generando entusiasmo a trav\u00e9s de la implementaci\u00f3n de ideas pioneras, la resoluci\u00f3n de problemas y el ir m\u00e1s all\u00e1 de las expectativas de nuestros clientes.<\/p><p>\u00a0<\/p><p>\u00a0<\/p><p><img loading=\"lazy\" class=\"wp-image-2488 aligncenter\" src=\"http:\/\/www.masterautorepair.net\/wp-content\/uploads\/2020\/08\/Masters-Auto-Repair-Logo.png\" alt=\"\" width=\"331\" height=\"196\" srcset=\"https:\/\/www.masterautorepair.net\/wp-content\/uploads\/2020\/08\/Masters-Auto-Repair-Logo.png 1728w, https:\/\/www.masterautorepair.net\/wp-content\/uploads\/2020\/08\/Masters-Auto-Repair-Logo-300x177.png 300w, https:\/\/www.masterautorepair.net\/wp-content\/uploads\/2020\/08\/Masters-Auto-Repair-Logo-1024x604.png 1024w, https:\/\/www.masterautorepair.net\/wp-content\/uploads\/2020\/08\/Masters-Auto-Repair-Logo-768x453.png 768w, https:\/\/www.masterautorepair.net\/wp-content\/uploads\/2020\/08\/Masters-Auto-Repair-Logo-1536x907.png 1536w, https:\/\/www.masterautorepair.net\/wp-content\/uploads\/2020\/08\/Masters-Auto-Repair-Logo-832x491.png 832w, https:\/\/www.masterautorepair.net\/wp-content\/uploads\/2020\/08\/Masters-Auto-Repair-Logo-600x354.png 600w\" sizes=\"(max-width: 331px) 100vw, 331px\" \/><\/p>\t\t\t\t\t<\/div>\n\t\t\t\t\t\t\t\t\t\t<div class=\"divider-md hidden-lg hidden-md\"><\/div>\n\t\t\t\t\t\t\t\t\t\t\t\t\t\t\t<div class=\"col-md-4\">\n\t\t\t\t\t\t<h6 class=\"subtitle\">C\u00f3digo de \u00e9tica<\/h6>\n\t\t\t\t\t\t<ul class=\"marker-list-sm\"><li><p>Aseg\u00farar que todo nuestro personal est\u00e9 calificado, debidamente equipado y proporcionado capacitaci\u00f3n continua.<\/p><\/li><li><p>Actuar con profesionalismo, honestidad e integridad en todo momento.<\/p><\/li><li><p>Respetar el tiempo y la propiedad de nuestros clientes.<\/p><\/li><li><p>Explicar claramente todos los servicios de mantenimiento y reparaci\u00f3n recomendados.<\/p><\/li><li><p>Proporcionar un estimado detallado y obtener la autorizaci\u00f3n antes del servicio.<\/p><\/li><li>Entregar una factura detallada para todas las piezas y servicios.<\/li><li><p>Mostrar visulamente o proporcionar una copia de las piezas y la informaci\u00f3n de la garant\u00eda del servicio.<\/p><\/li><li><p>Mantener los m\u00e1s altos est\u00e1ndares de la profesi\u00f3n de reparaci\u00f3n automotriz.<\/p><\/li><li><p>Esfu\u00e9rzate por ser una influencia positiva en la industria automotriz y en nuestra comunidad.<\/p><\/li><\/ul><p>\u00a0<\/p>\t\t\t\t\t<\/div>\n\t\t\t\t\t\t\t\t\t\t\t\t\t\t<\/div>\n\t\t\t<\/div>\n\t\t<\/div>\n\n\t\t\t\t\t<\/div>\n\t\t\t\t<\/div>\n\t\t\t\t\t\t<\/div>\n\t\t\t\t\t<\/div>\n\t\t<\/div>\n\t\t\t\t\t\t\t\t<\/div>\n\t\t\t\t\t<\/div>\n\t\t<\/section>\n\t\t\t\t<section class=\"elementor-section elementor-top-section elementor-element elementor-element-f5a0648 elementor-section-stretched elementor-section-full_width elementor-section-height-default elementor-section-height-default\" data-id=\"f5a0648\" data-element_type=\"section\" data-settings=\"{&quot;stretch_section&quot;:&quot;section-stretched&quot;}\">\n\t\t\t\t\t\t<div class=\"elementor-container elementor-column-gap-no\">\n\t\t\t\t\t\t\t<div class=\"elementor-row\">\n\t\t\t\t\t<div class=\"elementor-column elementor-col-100 elementor-top-column elementor-element elementor-element-992ef6c\" data-id=\"992ef6c\" data-element_type=\"column\">\n\t\t\t<div class=\"elementor-column-wrap elementor-element-populated\">\n\t\t\t\t\t\t\t<div class=\"elementor-widget-wrap\">\n\t\t\t\t\t\t<div class=\"elementor-element elementor-element-983111a elementor-widget elementor-widget-advantages_our_services\" data-id=\"983111a\" data-element_type=\"widget\" data-widget_type=\"advantages_our_services.default\">\n\t\t\t\t<div class=\"elementor-widget-container\">\n\t\t\t\t\t\t<div class=\"block position-relative overflow-hidden\">\n\t\t\t\t<div class=\"container-fluid no-gutters\">\n\t\t\t\t\t<div class=\"services-item-wrapper\">\n\t\t\t\t\t\t<div class=\"section__text-background text-color03 text-center\">Ventajas<\/div>\n\t\t\t\t\t\t<div class=\"services-item\">\n\t\t\t\t\t\t\t<div class=\"services-title\">\n\t\t\t\t\t\t\t\t<h2 class=\"services-title__title\">Ventajas <br> de <span class=\"color\">Nuestro Servicio<\/span><\/h2>\n\t\t\t\t\t\t\t\t<div class=\"title-separator\"><\/div>\n\t\t\t\t\t\t\t<\/div>\n\t\t\t\t\t\t\t<p>\n\t\t\t\t\t\t\tEl mantenimiento de su vehiculo es una tarea esencial que no debe ser ignorada u olvidada\t\t\t\t\t\t\t<\/p>\n\t\t\t\t\t\t\t\t\t\t\t\t<a href=\"https:\/\/www.masterautorepair.net\/es\/contactus\/\"  class=\"btn btn-border btn-top\"><span>Cotiza Hoy<\/span><\/a>\n\t\t\t\t\t\t<\/div>\n\t\t\t\t\t\t\t\t\t\n\t\t\t\t\t\t<div class=\"services-item services-bg-01\">\n\t\t\t\t\t\t\t<div class=\"services-box\">\n\t\t\t\t\t\t\t\t<div class=\"services-box__icon\">\n\t\t\t\t\t\t\t\t\t<span class=\"icon-271045\"><\/span>\n\t\t\t\t\t\t\t\t<\/div>\n\t\t\t\t\t\t\t\t<h6 class=\"services-box__title\">\n\t\t\t\t\t\t\t\tServicio Crientado al Cliente\t\t\t\t\t\t\t\t<\/h6>\n\t\t\t\t\t\t\t\t<p>\n\t\t\t\t\t\t\t\tValoramos el servicio que ofrecemos y nuestros clientes leales que regresan siempre pueden esperar algo de agradecimiento de nosotros, como un descuento de servicio futuro.\t\t\t\t\t\t\t\t<\/p>\n\t\t\t\t\t\t\t<\/div>\n\t\t\t\t\t\t<\/div>\n\t\t\t\t\t\t\t\t\t\n\t\t\t\t\t\t<div class=\"services-item services-bg-02\">\n\t\t\t\t\t\t\t<div class=\"services-box\">\n\t\t\t\t\t\t\t\t<div class=\"services-box__icon\">\n\t\t\t\t\t\t\t\t\t<span class=\"icon-808728\"><\/span>\n\t\t\t\t\t\t\t\t<\/div>\n\t\t\t\t\t\t\t\t<h6 class=\"services-box__title\">\n\t\t\t\t\t\t\t\tPrecios Accesibles\t\t\t\t\t\t\t\t<\/h6>\n\t\t\t\t\t\t\t\t<p>\n\t\t\t\t\t\t\t\tSomos su taller integral de reparaci\u00f3n de autom\u00f3viles para todo, desde mantenimiento de rutina, hasta servicios de puesta a punto, hasta servicios especializados de reparaci\u00f3n de autom\u00f3viles. Ofreciendo precios muy competitivos.\t\t\t\t\t\t\t\t<\/p>\n\t\t\t\t\t\t\t<\/div>\n\t\t\t\t\t\t<\/div>\n\t\t\t\t\t\t\t\t\t\n\t\t\t\t\t\t<div class=\"services-item services-bg-03\">\n\t\t\t\t\t\t\t<div class=\"services-box\">\n\t\t\t\t\t\t\t\t<div class=\"services-box__icon\">\n\t\t\t\t\t\t\t\t\t<span class=\"icon-598823\"><\/span>\n\t\t\t\t\t\t\t\t<\/div>\n\t\t\t\t\t\t\t\t<h6 class=\"services-box__title\">\n\t\t\t\t\t\t\t\tAuto Partes de Alta Calidad\t\t\t\t\t\t\t\t<\/h6>\n\t\t\t\t\t\t\t\t<p>\n\t\t\t\t\t\t\t\tEstamos comprometidos con el uso de piezas de alta calidad, Moog, AC Delco, Delphi, NGK, NTK, Motorcraft, Continental, Denso, Dorman, Carquest, y m\u00e1s  \t\t\t\t\t\t\t\t<\/p>\n\t\t\t\t\t\t\t<\/div>\n\t\t\t\t\t\t<\/div>\n\t\t\t\t\t\t\t\t\t\t\t<\/div>\n\t\t\t\t<\/div>\n\t\t\t<\/div>\n\n\t\t\t\t<\/div>\n\t\t\t\t<\/div>\n\t\t\t\t\t\t<\/div>\n\t\t\t\t\t<\/div>\n\t\t<\/div>\n\t\t\t\t\t\t\t\t<\/div>\n\t\t\t\t\t<\/div>\n\t\t<\/section>\n\t\t\t\t<section class=\"elementor-section elementor-top-section elementor-element elementor-element-334dec0 elementor-section-stretched elementor-section-full_width elementor-section-height-default elementor-section-height-default\" data-id=\"334dec0\" data-element_type=\"section\" data-settings=\"{&quot;stretch_section&quot;:&quot;section-stretched&quot;}\">\n\t\t\t\t\t\t<div class=\"elementor-container elementor-column-gap-no\">\n\t\t\t\t\t\t\t<div class=\"elementor-row\">\n\t\t\t\t\t<div class=\"elementor-column elementor-col-100 elementor-top-column elementor-element elementor-element-5d1a577\" data-id=\"5d1a577\" data-element_type=\"column\">\n\t\t\t<div class=\"elementor-column-wrap elementor-element-populated\">\n\t\t\t\t\t\t\t<div class=\"elementor-widget-wrap\">\n\t\t\t\t\t\t<div class=\"elementor-element elementor-element-a37abd9 elementor-widget elementor-widget-appointment_schedule\" data-id=\"a37abd9\" data-element_type=\"widget\" data-widget_type=\"appointment_schedule.default\">\n\t\t\t\t<div class=\"elementor-widget-container\">\n\t\t\t\t\t\t<div class=\"block position-relative overflow-hidden\">\n  <div class=\"section__text-background text-color02 text-center text-background__center\">\n\t\t\tLLamenos<\/div>\n  <div class=\"text-center\">\n\t<h2 class=\"h-lg\">Necesita Ayuda con su Vehiculo? <span class=\"color\">Nosotros lo Arreglamos<\/span><\/h2>\n\t<p class=\"info\"><\/p>\n\t<h2 class=\"h-phone\">773-565-4881<\/h2>\n\t<div class=\"btn-inline\">\n\t\t\t\t  <a class=\"btn btn-border btn-invert btn-wide\" href=\"#\" data-toggle=\"modal\"\n\t\tdata-target=\"#appointmentForm\"><span>Envienos un Mensaje<\/span><\/a>\n\t  \t<\/div>\n  <\/div>\n<\/div>\n\n\t\t\t\t\t<\/div>\n\t\t\t\t<\/div>\n\t\t\t\t\t\t<\/div>\n\t\t\t\t\t<\/div>\n\t\t<\/div>\n\t\t\t\t\t\t\t\t<\/div>\n\t\t\t\t\t<\/div>\n\t\t<\/section>\n\t\t\t\t\t\t<\/div>\n\t\t\t\t\t\t<\/div>\n\t\t\t\t\t<\/div>","protected":false},"excerpt":{"rendered":"<p>A Reputation of 30 Years in the Making The family has been involved in general automotive repair for over two decades, and the business continues to grow. Our Shop is a family-owned and operated auto repair service in La Villita Chicago, IL serving our local community and surrounding areas for 3 years. Our certified technicians [&hellip;]<\/p>","protected":false},"author":1,"featured_media":0,"parent":0,"menu_order":0,"comment_status":"closed","ping_status":"closed","template":"","meta":{"_coblocks_attr":"","_coblocks_dimensions":"","_coblocks_responsive_height":"","_coblocks_accordion_ie_support":""},"yoast_head":"<!-- This site is optimized with the Yoast SEO plugin v14.9 - https:\/\/yoast.com\/wordpress\/plugins\/seo\/ -->\n<title>About Us &raquo; Masters Auto Repair<\/title>\n<meta name=\"robots\" content=\"index, follow, max-snippet:-1, max-image-preview:large, max-video-preview:-1\" \/>\n<link rel=\"canonical\" href=\"https:\/\/www.masterautorepair.net\/es\/about-us\/\" \/>\n<meta property=\"og:locale\" content=\"es_MX\" \/>\n<meta property=\"og:type\" content=\"article\" \/>\n<meta property=\"og:title\" content=\"About Us &raquo; Masters Auto Repair\" \/>\n<meta property=\"og:description\" content=\"A Reputation of 30 Years in the Making The family has been involved in general automotive repair for over two decades, and the business continues to grow. Our Shop is a family-owned and operated auto repair service in La Villita Chicago, IL serving our local community and surrounding areas for 3 years. Our certified technicians [&hellip;]\" \/>\n<meta property=\"og:url\" content=\"https:\/\/www.masterautorepair.net\/es\/about-us\/\" \/>\n<meta property=\"og:site_name\" content=\"Masters Auto Repair\" \/>\n<meta property=\"article:publisher\" content=\"https:\/\/www.facebook.com\/mastersautorepair\/\" \/>\n<meta property=\"article:modified_time\" content=\"2022-01-17T18:57:20+00:00\" \/>\n<meta property=\"og:image\" content=\"https:\/\/www.masterautorepair.net\/wp-content\/uploads\/2020\/04\/popup-img03.jpg\" \/>\n<meta name=\"twitter:card\" content=\"summary_large_image\" \/>\n<script type=\"application\/ld+json\" class=\"yoast-schema-graph\">{\"@context\":\"https:\/\/schema.org\",\"@graph\":[{\"@type\":\"Organization\",\"@id\":\"https:\/\/www.masterautorepair.net\/es\/#organization\",\"name\":\"Master's Auto Repair\",\"url\":\"https:\/\/www.masterautorepair.net\/es\/\",\"sameAs\":[\"https:\/\/www.facebook.com\/mastersautorepair\/\"],\"logo\":{\"@type\":\"ImageObject\",\"@id\":\"https:\/\/www.masterautorepair.net\/es\/#logo\",\"inLanguage\":\"es-MX\",\"url\":\"https:\/\/www.masterautorepair.net\/wp-content\/uploads\/2020\/08\/Masters-Auto-Repair-Logo.png\",\"width\":1728,\"height\":1020,\"caption\":\"Master's Auto Repair\"},\"image\":{\"@id\":\"https:\/\/www.masterautorepair.net\/es\/#logo\"}},{\"@type\":\"WebSite\",\"@id\":\"https:\/\/www.masterautorepair.net\/es\/#website\",\"url\":\"https:\/\/www.masterautorepair.net\/es\/\",\"name\":\"Masters Auto Repair\",\"description\":\"Full satisfaction in affordable prices\",\"publisher\":{\"@id\":\"https:\/\/www.masterautorepair.net\/es\/#organization\"},\"potentialAction\":[{\"@type\":\"SearchAction\",\"target\":\"https:\/\/www.masterautorepair.net\/es\/?s={search_term_string}\",\"query-input\":\"required name=search_term_string\"}],\"inLanguage\":\"es-MX\"},{\"@type\":\"ImageObject\",\"@id\":\"https:\/\/www.masterautorepair.net\/about-us\/#primaryimage\",\"inLanguage\":\"es-MX\",\"url\":\"https:\/\/www.masterautorepair.net\/wp-content\/uploads\/2020\/04\/popup-img03.jpg\",\"width\":384,\"height\":384},{\"@type\":\"WebPage\",\"@id\":\"https:\/\/www.masterautorepair.net\/about-us\/#webpage\",\"url\":\"https:\/\/www.masterautorepair.net\/about-us\/\",\"name\":\"About Us &raquo; Masters Auto Repair\",\"isPartOf\":{\"@id\":\"https:\/\/www.masterautorepair.net\/es\/#website\"},\"primaryImageOfPage\":{\"@id\":\"https:\/\/www.masterautorepair.net\/about-us\/#primaryimage\"},\"datePublished\":\"2017-03-08T07:18:04+00:00\",\"dateModified\":\"2022-01-17T18:57:20+00:00\",\"inLanguage\":\"es-MX\",\"potentialAction\":[{\"@type\":\"ReadAction\",\"target\":[\"https:\/\/www.masterautorepair.net\/about-us\/\"]}]}]}<\/script>\n<!-- \/ Yoast SEO plugin. -->","_links":{"self":[{"href":"https:\/\/www.masterautorepair.net\/es\/wp-json\/wp\/v2\/pages\/1520"}],"collection":[{"href":"https:\/\/www.masterautorepair.net\/es\/wp-json\/wp\/v2\/pages"}],"about":[{"href":"https:\/\/www.masterautorepair.net\/es\/wp-json\/wp\/v2\/types\/page"}],"author":[{"embeddable":true,"href":"https:\/\/www.masterautorepair.net\/es\/wp-json\/wp\/v2\/users\/1"}],"replies":[{"embeddable":true,"href":"https:\/\/www.masterautorepair.net\/es\/wp-json\/wp\/v2\/comments?post=1520"}],"version-history":[{"count":22,"href":"https:\/\/www.masterautorepair.net\/es\/wp-json\/wp\/v2\/pages\/1520\/revisions"}],"predecessor-version":[{"id":3018,"href":"https:\/\/www.masterautorepair.net\/es\/wp-json\/wp\/v2\/pages\/1520\/revisions\/3018"}],"wp:attachment":[{"href":"https:\/\/www.masterautorepair.net\/es\/wp-json\/wp\/v2\/media?parent=1520"}],"curies":[{"name":"wp","href":"https:\/\/api.w.org\/{rel}","templated":true}]}}